{"id":164,"date":"2019-10-06T20:12:33","date_gmt":"2019-10-06T20:12:33","guid":{"rendered":"https:\/\/floa.com.hr\/evr-qa\/?page_id=164"},"modified":"2020-05-18T09:47:01","modified_gmt":"2020-05-18T09:47:01","slug":"propisi-i-pravilnici","status":"publish","type":"page","link":"https:\/\/floa.com.hr\/evr-qa\/propisi-i-pravilnici\/","title":{"rendered":"Propisi i pravilnici"},"content":{"rendered":"\n<h2>Va\u017ee\u0107i propisi<\/h2>\n\n\n<div id=\"link-module-block_5d99baf81bb03\" class=\"custom-block link-module-block\">\n  <div class=\"link-module\">\n    <div class=\"link-module__inner\">\n      <a href=\"https:\/\/narodne-novine.nn.hr\/clanci\/sluzbeni\/2017_07_73_1773.html\" class=\"link-module__link\" target=\"_blank\">Pravilnik o sadr\u017eaju i na\u010dinu vo\u0111enja evidencije o radnicima<\/a>\n              <p class=\"link-module__subtitle\">Objavljen 19.07.2017., stupio na snagu 01.09.2017.<\/p>\n          <\/div>\n  <\/div>\n<\/div>\n\n\n<div id=\"link-module-block_5d9a49d046c42\" class=\"custom-block link-module-block\">\n  <div class=\"link-module\">\n    <div class=\"link-module__inner\">\n      <a href=\"https:\/\/narodne-novine.nn.hr\/clanci\/sluzbeni\/2017_12_127_2877.html\" class=\"link-module__link\" target=\"_blank\">Zakon o izmjenama Zakona o radu<\/a>\n              <p class=\"link-module__subtitle\">Objavljen 08.12.2017., stupio na snagu s datumom objave<\/p>\n          <\/div>\n  <\/div>\n<\/div>\n\n\n<div id=\"link-module-block_5d9a49d246c43\" class=\"custom-block link-module-block\">\n  <div class=\"link-module\">\n    <div class=\"link-module__inner\">\n      <a href=\"https:\/\/narodne-novine.nn.hr\/clanci\/sluzbeni\/2014_07_93_1872.html\" class=\"link-module__link\" target=\"_blank\">Zakon o radu<\/a>\n              <p class=\"link-module__subtitle\">Objavljen 31.07.2014., stupio na snagu 07.08.2014.<\/p>\n          <\/div>\n  <\/div>\n<\/div>\n\n\n<div id=\"info-block_5d9a49e246c44\" class=\"custom-block info-block\">\n  <div class=\"info info--red\">\n    <div class=\"container\">\n      <div class=\"row no-gutters\">\n        <div class=\"col-12\">\n          <div class=\"site-info  \">\n            <div class=\"site-info__content\">\n                              <div class=\"site-info__title\">\n                  Izbjegnite visoke kazne aplikacijom Online evidencija                <\/div>\n              \n                              <div class=\"site-info__text\">\n                  Zakon o radu (\u010dlanak 229.) odre\u0111uje visoke prekr\u0161ajne kazne za poslodavce koji ne vode evidenciju o radnicima i o radnom vremenu ili istu ne vode na propisan na\u010din. Za pravnu osobu propisana je nov\u010dana kazna od 61.000 do 100.000 kuna, a za odgovornu osobu u pravnoj osobi od 7.000 do 10.000 kuna.                <\/div>\n                          <\/div>\n            \n                      <\/div>\n\n        <\/div>\n      <\/div>\n    <\/div>\n  <\/div>\n<\/div>\n\n\n\n<h2>Izdvojeno<\/h2>\n\n\n<div id=\"link-module-block_5d99c7fba5c7c\" class=\"custom-block link-module-block\">\n  <div class=\"link-module\">\n    <div class=\"link-module__inner\">\n      <a href=\"https:\/\/zakonipropisi.com\/hr\/zakon\/zakon-o-radu\/52-clanak-stanka\" class=\"link-module__link\" target=\"_blank\">Stanka<\/a>\n          <\/div>\n  <\/div>\n<\/div>\n\n\n<div id=\"link-module-block_5d9a4a1046c45\" class=\"custom-block link-module-block\">\n  <div class=\"link-module\">\n    <div class=\"link-module__inner\">\n      <a href=\"https:\/\/zakonipropisi.com\/hr\/zakon\/zakon-o-radu\/53-clanak-dnevni-odmor\" class=\"link-module__link\" target=\"_blank\">Dnevni odmor<\/a>\n          <\/div>\n  <\/div>\n<\/div>\n\n\n<div id=\"link-module-block_5d9a4a1346c46\" class=\"custom-block link-module-block\">\n  <div class=\"link-module\">\n    <div class=\"link-module__inner\">\n      <a href=\"https:\/\/zakonipropisi.com\/hr\/zakon\/zakon-o-radu\/54-clanak-tjedni-odmor\" class=\"link-module__link\" target=\"_blank\">Tjedni odmor<\/a>\n          <\/div>\n  <\/div>\n<\/div>\n\n\n\n<h2>Tuma\u010denje pravilnika o dnevnom i tjednom odmoru<\/h2>\n\n\n\n<p> Poslodavac koji vodi po\u010detak i zavr\u0161etak rada u evidenciji radnog vremena nije du\u017ean evidentirati podatak o vremenu kori\u0161tenja dnevnog i tjednog odmora. Upute za evidentiranje dnevnog i tjednog odmora. Aplikacija &#8220;Online evidencija&#8221; automatski izra\u010dunava trajanje dnevnog i tjednog odmora. <\/p>\n\n\n\n<h2>Pro\u0161li propisi<\/h2>\n\n\n<div id=\"link-module-block_5d9a4a3946c47\" class=\"custom-block link-module-block\">\n  <div class=\"link-module\">\n    <div class=\"link-module__inner\">\n      <a href=\"https:\/\/narodne-novine.nn.hr\/clanci\/sluzbeni\/2015_09_97_1882.html\" class=\"link-module__link\" target=\"_blank\">Pravilnik o izmjeni i dopuni pravilnika o sadr\u017eaju i na\u010dinu vo\u0111enja evidencije o radnicima<\/a>\n              <p class=\"link-module__subtitle\">Objavljen 11.09.2015., stupio na snagu 19.09.2015.<\/p>\n          <\/div>\n  <\/div>\n<\/div>\n\n\n<div id=\"link-module-block_5d9a4a4946c48\" class=\"custom-block link-module-block\">\n  <div class=\"link-module\">\n    <div class=\"link-module__inner\">\n      <a href=\"https:\/\/narodne-novine.nn.hr\/clanci\/sluzbeni\/2015_03_32_668.html\" class=\"link-module__link\" target=\"_blank\">Pravilnik o sadr\u017eaju i na\u010dinu vo\u0111enja evidencije o radnicima<\/a>\n              <p class=\"link-module__subtitle\">Objavljen 20.03.2015., stupio na snagu 28.03.2015.<\/p>\n          <\/div>\n  <\/div>\n<\/div>\n\n\n<div id=\"link-module-block_5d9a4a4c46c49\" class=\"custom-block link-module-block\">\n  <div class=\"link-module\">\n    <div class=\"link-module__inner\">\n      <a href=\"https:\/\/narodne-novine.nn.hr\/clanci\/sluzbeni\/2009_12_149_3635.html\" class=\"link-module__link\" target=\"_blank\">Zakon o izmjenama i dopunama zakona o radu<\/a>\n              <p class=\"link-module__subtitle\">Objavljen 14.06.2013., stupio na snagu 27.06.2013.<\/p>\n          <\/div>\n  <\/div>\n<\/div>\n","protected":false},"excerpt":{"rendered":"<p>Va\u017ee\u0107i propisi Izdvojeno Tuma\u010denje pravilnika o dnevnom i tjednom odmoru Poslodavac koji vodi po\u010detak i zavr\u0161etak rada u evidenciji radnog vremena nije du\u017ean evidentirati podatak o vremenu kori\u0161tenja dnevnog i tjednog odmora. Upute za evidentiranje dnevnog i tjednog odmora. Aplikacija &#8230;<\/p>\n","protected":false},"author":1,"featured_media":0,"parent":0,"menu_order":0,"comment_status":"closed","ping_status":"closed","template":"","meta":[],"yoast_head":"<!-- This site is optimized with the Yoast SEO plugin v15.8 - https:\/\/yoast.com\/wordpress\/plugins\/seo\/ -->\n<title>Propisi i pravilnici - Radni Sati Staging<\/title>\n<meta name=\"robots\" content=\"noindex, follow, max-snippet:-1, max-image-preview:large, max-video-preview:-1\" \/>\n<meta property=\"og:locale\" content=\"en_US\" \/>\n<meta property=\"og:type\" content=\"article\" \/>\n<meta property=\"og:title\" content=\"Propisi i pravilnici - Radni Sati Staging\" \/>\n<meta property=\"og:description\" content=\"Va\u017ee\u0107i propisi Izdvojeno Tuma\u010denje pravilnika o dnevnom i tjednom odmoru Poslodavac koji vodi po\u010detak i zavr\u0161etak rada u evidenciji radnog vremena nije du\u017ean evidentirati podatak o vremenu kori\u0161tenja dnevnog i tjednog odmora. Upute za evidentiranje dnevnog i tjednog odmora. Aplikacija ...\" \/>\n<meta property=\"og:url\" content=\"https:\/\/floa.com.hr\/evr-qa\/propisi-i-pravilnici\/\" \/>\n<meta property=\"og:site_name\" content=\"Radni Sati Staging\" \/>\n<meta property=\"article:modified_time\" content=\"2020-05-18T09:47:01+00:00\" \/>\n<meta name=\"twitter:card\" content=\"summary_large_image\" \/>\n<script type=\"application\/ld+json\" class=\"yoast-schema-graph\">{\"@context\":\"https:\/\/schema.org\",\"@graph\":[{\"@type\":\"WebSite\",\"@id\":\"https:\/\/floa.com.hr\/evr-qa\/#website\",\"url\":\"https:\/\/floa.com.hr\/evr-qa\/\",\"name\":\"Radni Sati Staging\",\"description\":\"Just another WordPress site\",\"potentialAction\":[{\"@type\":\"SearchAction\",\"target\":\"https:\/\/floa.com.hr\/evr-qa\/?s={search_term_string}\",\"query-input\":\"required name=search_term_string\"}],\"inLanguage\":\"en-US\"},{\"@type\":\"WebPage\",\"@id\":\"https:\/\/floa.com.hr\/evr-qa\/propisi-i-pravilnici\/#webpage\",\"url\":\"https:\/\/floa.com.hr\/evr-qa\/propisi-i-pravilnici\/\",\"name\":\"Propisi i pravilnici - Radni Sati Staging\",\"isPartOf\":{\"@id\":\"https:\/\/floa.com.hr\/evr-qa\/#website\"},\"datePublished\":\"2019-10-06T20:12:33+00:00\",\"dateModified\":\"2020-05-18T09:47:01+00:00\",\"breadcrumb\":{\"@id\":\"https:\/\/floa.com.hr\/evr-qa\/propisi-i-pravilnici\/#breadcrumb\"},\"inLanguage\":\"en-US\",\"potentialAction\":[{\"@type\":\"ReadAction\",\"target\":[\"https:\/\/floa.com.hr\/evr-qa\/propisi-i-pravilnici\/\"]}]},{\"@type\":\"BreadcrumbList\",\"@id\":\"https:\/\/floa.com.hr\/evr-qa\/propisi-i-pravilnici\/#breadcrumb\",\"itemListElement\":[{\"@type\":\"ListItem\",\"position\":1,\"item\":{\"@type\":\"WebPage\",\"@id\":\"https:\/\/floa.com.hr\/evr-qa\/\",\"url\":\"https:\/\/floa.com.hr\/evr-qa\/\",\"name\":\"Home\"}},{\"@type\":\"ListItem\",\"position\":2,\"item\":{\"@type\":\"WebPage\",\"@id\":\"https:\/\/floa.com.hr\/evr-qa\/propisi-i-pravilnici\/\",\"url\":\"https:\/\/floa.com.hr\/evr-qa\/propisi-i-pravilnici\/\",\"name\":\"Propisi i pravilnici\"}}]}]}<\/script>\n<!-- \/ Yoast SEO plugin. -->","_links":{"self":[{"href":"https:\/\/floa.com.hr\/evr-qa\/wp-json\/wp\/v2\/pages\/164"}],"collection":[{"href":"https:\/\/floa.com.hr\/evr-qa\/wp-json\/wp\/v2\/pages"}],"about":[{"href":"https:\/\/floa.com.hr\/evr-qa\/wp-json\/wp\/v2\/types\/page"}],"author":[{"embeddable":true,"href":"https:\/\/floa.com.hr\/evr-qa\/wp-json\/wp\/v2\/users\/1"}],"replies":[{"embeddable":true,"href":"https:\/\/floa.com.hr\/evr-qa\/wp-json\/wp\/v2\/comments?post=164"}],"version-history":[{"count":9,"href":"https:\/\/floa.com.hr\/evr-qa\/wp-json\/wp\/v2\/pages\/164\/revisions"}],"predecessor-version":[{"id":658,"href":"https:\/\/floa.com.hr\/evr-qa\/wp-json\/wp\/v2\/pages\/164\/revisions\/658"}],"wp:attachment":[{"href":"https:\/\/floa.com.hr\/evr-qa\/wp-json\/wp\/v2\/media?parent=164"}],"curies":[{"name":"wp","href":"https:\/\/api.w.org\/{rel}","templated":true}]}}