{"id":366,"date":"2020-04-28T10:17:32","date_gmt":"2020-04-28T10:17:32","guid":{"rendered":"https:\/\/floa.com.hr\/evr-qa\/?page_id=366"},"modified":"2021-02-09T12:40:14","modified_gmt":"2021-02-09T12:40:14","slug":"evidencija-radnog-vremena-za-skole","status":"publish","type":"page","link":"https:\/\/floa.com.hr\/evr-qa\/evidencija-radnog-vremena-za-skole\/","title":{"rendered":"Evidencija radnog vremena za \u0161kole"},"content":{"rendered":"<div id=\"hero-block_5f86b924c0011\" class=\"custom-block hero-block\">\n  <div class=\"hero hero--layout_alpha\">\n    <div class=\"container\">\n      <div class=\"row\">\n        <div class=\"col-lg-6\">\n          <div class=\"hero__content\">\n            <h1 class=\"hero__title\">Evidencija radnog vremena za \u0161kole<\/h1>\n            <h3 class=\"hero__text\">Aplikacija posebno prilago\u0111ena propisu za \u0161kole<\/h3>\n            <div class=\"hero__buttons\">\n                              <a href=\"https:\/\/app-qa.floa.com.hr\/index.php\/site\/register?type=school_os\" class=\"btn btn--primary\">Registriraj se<\/a>\n                              <a href=\"https:\/\/app-qa.floa.com.hr\/index.php\" class=\"btn btn--secondary\">Prijava<\/a>\n                          <\/div>\n          <\/div>\n        <\/div>\n        <div class=\"col-lg-6\">\n          <div class=\"hero__image\">\n                              <img width=\"418\" height=\"308\" src=\"https:\/\/floa.com.hr\/evr-qa\/wp-content\/uploads\/2019\/09\/hero-illustration.png\" class=\"attachment-full size-full\" alt=\"\" srcset=\"https:\/\/floa.com.hr\/evr-qa\/wp-content\/uploads\/2019\/09\/hero-illustration.png 418w, https:\/\/floa.com.hr\/evr-qa\/wp-content\/uploads\/2019\/09\/hero-illustration-300x221.png 300w, https:\/\/floa.com.hr\/evr-qa\/wp-content\/uploads\/2019\/09\/hero-illustration-20x15.png 20w\" sizes=\"(max-width: 418px) 100vw, 418px\" \/>                        <\/div>\n        <\/div>\n      <\/div>\n    <\/div>\n  <\/div>\n<\/div>\n\n\n<div id=\"info-block_5efda5f12bff7\" class=\"custom-block info-block aligncenter\">\n  <div class=\"info info--green\">\n    <div class=\"container\">\n      <div class=\"row no-gutters\">\n        <div class=\"col-12\">\n          <div class=\"site-info site-info--has-button \">\n            <div class=\"site-info__content\">\n                              <div class=\"site-info__title\">\n                  Aplikaciju koristi 250 \u0161kola u Hrvatskoj                <\/div>\n              \n                          <\/div>\n                          <div class=\"site-info__button\">\n                <a href=\"https:\/\/app-qa.floa.com.hr\/index.php\/site\/register\" class=\"btn btn--tertiary\">Isprobaj besplatno<\/a>\n              <\/div>\n            \n                      <\/div>\n\n        <\/div>\n      <\/div>\n    <\/div>\n  <\/div>\n<\/div>\n\n\n<div id=\"list-image-block_5ea28a76e182f\" class=\"custom-block list-image-block\">\n  <div class=\"list-image list-image--layout_beta\">\n    <div class=\"container\">\n      <div class=\"row no-gutters\">\n        <div class=\"col-md-6\">\n          <div class=\"list-image__content\">\n            <h2 class=\"list-image__title\">Automatizirano vo\u0111enje evidencije radnog vremena<\/h2>\n                          <ul class=\"list-image__list\">\n                                  <li>\n                    <img src=\"https:\/\/floa.com.hr\/evr-qa\/wp-content\/themes\/radnisati\/assets\/img\/icon-list.svg\" alt=\"\">\n                    <span>Upisani raspored u\u010ditelja popunjava se iz mjeseca u mjesec<\/span>\n                  <\/li>\n                                  <li>\n                    <img src=\"https:\/\/floa.com.hr\/evr-qa\/wp-content\/themes\/radnisati\/assets\/img\/icon-list.svg\" alt=\"\">\n                    <span>Iznimke poput godi\u0161njih i bolovanja upisuju se ru\u010dno<\/span>\n                  <\/li>\n                                  <li>\n                    <img src=\"https:\/\/floa.com.hr\/evr-qa\/wp-content\/themes\/radnisati\/assets\/img\/icon-list.svg\" alt=\"\">\n                    <span>Retroaktivno vo\u0111enje evidencije bez dodatne naplate<\/span>\n                  <\/li>\n                              <\/ul>\n            \n            \n          <\/div>\n        <\/div>\n        <div class=\"col-md-6\">\n          <div class=\"list-image__image\">\n                              <img width=\"911\" height=\"578\" src=\"https:\/\/floa.com.hr\/evr-qa\/wp-content\/uploads\/2020\/06\/\u0160kolaWP.png\" class=\"attachment-full size-full\" alt=\"\" srcset=\"https:\/\/floa.com.hr\/evr-qa\/wp-content\/uploads\/2020\/06\/\u0160kolaWP.png 911w, https:\/\/floa.com.hr\/evr-qa\/wp-content\/uploads\/2020\/06\/\u0160kolaWP-300x190.png 300w, https:\/\/floa.com.hr\/evr-qa\/wp-content\/uploads\/2020\/06\/\u0160kolaWP-768x487.png 768w, https:\/\/floa.com.hr\/evr-qa\/wp-content\/uploads\/2020\/06\/\u0160kolaWP-20x13.png 20w\" sizes=\"(max-width: 911px) 100vw, 911px\" \/>                        <\/div>\n        <\/div>\n      <\/div>\n    <\/div>\n  <\/div>\n<\/div>\n\n\n<div id=\"list-image-block_5ea28df4e1834\" class=\"custom-block list-image-block\">\n  <div class=\"list-image list-image--layout_alpha\">\n    <div class=\"container\">\n      <div class=\"row no-gutters\">\n        <div class=\"col-md-6\">\n          <div class=\"list-image__content\">\n            <h2 class=\"list-image__title\">Izvje\u0161taji za obra\u010dun pla\u0107e<\/h2>\n                          <ul class=\"list-image__list\">\n                                  <li>\n                    <img src=\"https:\/\/floa.com.hr\/evr-qa\/wp-content\/themes\/radnisati\/assets\/img\/icon-list.svg\" alt=\"\">\n                    <span>Automatski izra\u010dun iz mjese\u010dnih tablica evidencije<\/span>\n                  <\/li>\n                                  <li>\n                    <img src=\"https:\/\/floa.com.hr\/evr-qa\/wp-content\/themes\/radnisati\/assets\/img\/icon-list.svg\" alt=\"\">\n                    <span>Pojedina\u010dna ili skupna evidencija o radnom vremenu<\/span>\n                  <\/li>\n                                  <li>\n                    <img src=\"https:\/\/floa.com.hr\/evr-qa\/wp-content\/themes\/radnisati\/assets\/img\/icon-list.svg\" alt=\"\">\n                    <span>Priprema i ispis podataka za ra\u010dunovodstvo<\/span>\n                  <\/li>\n                              <\/ul>\n            \n            \n          <\/div>\n        <\/div>\n        <div class=\"col-md-6\">\n          <div class=\"list-image__image\">\n                              <img width=\"898\" height=\"580\" src=\"https:\/\/floa.com.hr\/evr-qa\/wp-content\/uploads\/2020\/06\/Mjese\u010dniWP.png\" class=\"attachment-full size-full\" alt=\"\" srcset=\"https:\/\/floa.com.hr\/evr-qa\/wp-content\/uploads\/2020\/06\/Mjese\u010dniWP.png 898w, https:\/\/floa.com.hr\/evr-qa\/wp-content\/uploads\/2020\/06\/Mjese\u010dniWP-300x194.png 300w, https:\/\/floa.com.hr\/evr-qa\/wp-content\/uploads\/2020\/06\/Mjese\u010dniWP-768x496.png 768w, https:\/\/floa.com.hr\/evr-qa\/wp-content\/uploads\/2020\/06\/Mjese\u010dniWP-20x13.png 20w\" sizes=\"(max-width: 898px) 100vw, 898px\" \/>                        <\/div>\n        <\/div>\n      <\/div>\n    <\/div>\n  <\/div>\n<\/div>\n\n\n<div id=\"list-image-block_5ea28ec0e1838\" class=\"custom-block list-image-block\">\n  <div class=\"list-image list-image--layout_beta\">\n    <div class=\"container\">\n      <div class=\"row no-gutters\">\n        <div class=\"col-md-6\">\n          <div class=\"list-image__content\">\n            <h2 class=\"list-image__title\">Specifi\u010dnosti za \u0161kole<\/h2>\n                          <ul class=\"list-image__list\">\n                                  <li>\n                    <img src=\"https:\/\/floa.com.hr\/evr-qa\/wp-content\/themes\/radnisati\/assets\/img\/icon-list.svg\" alt=\"\">\n                    <span>Automatski izra\u010dun sati neposrednog rada i ostalih poslova<\/span>\n                  <\/li>\n                                  <li>\n                    <img src=\"https:\/\/floa.com.hr\/evr-qa\/wp-content\/themes\/radnisati\/assets\/img\/icon-list.svg\" alt=\"\">\n                    <span>Podr\u0161ka za kombinirane odjele, prilago\u0111ene programe rada, ote\u017eane uvjete rada i ostalo<\/span>\n                  <\/li>\n                                  <li>\n                    <img src=\"https:\/\/floa.com.hr\/evr-qa\/wp-content\/themes\/radnisati\/assets\/img\/icon-list.svg\" alt=\"\">\n                    <span>Unos kolektivnog godi\u0161njeg odmora <\/span>\n                  <\/li>\n                              <\/ul>\n            \n            \n          <\/div>\n        <\/div>\n        <div class=\"col-md-6\">\n          <div class=\"list-image__image\">\n                              <img width=\"906\" height=\"587\" src=\"https:\/\/floa.com.hr\/evr-qa\/wp-content\/uploads\/2020\/06\/KOlektivniWP.png\" class=\"attachment-full size-full\" alt=\"\" srcset=\"https:\/\/floa.com.hr\/evr-qa\/wp-content\/uploads\/2020\/06\/KOlektivniWP.png 906w, https:\/\/floa.com.hr\/evr-qa\/wp-content\/uploads\/2020\/06\/KOlektivniWP-300x194.png 300w, https:\/\/floa.com.hr\/evr-qa\/wp-content\/uploads\/2020\/06\/KOlektivniWP-768x498.png 768w, https:\/\/floa.com.hr\/evr-qa\/wp-content\/uploads\/2020\/06\/KOlektivniWP-20x13.png 20w\" sizes=\"(max-width: 906px) 100vw, 906px\" \/>                        <\/div>\n        <\/div>\n      <\/div>\n    <\/div>\n  <\/div>\n<\/div>\n\n\n<div id=\"list-testimonial-block_5f1aa6923d6bc\" class=\"custom-block list-testimonial-block\">\n  <div class=\"list-testimonial\">\n    <div class=\"container\">\n      <div class=\"list-testimonial__title\">\n        <span>\u0160TO KA\u017dU NA\u0160I KORISNICI?<\/span>\n      <\/div>\n      <div class=\"list-testimonial__content\">\n        <div class=\"row\">\n                                        <div class=\"col-md-6 col-lg-4\">\n                  <div class=\"testimonial-block\">\n                    <div class=\"testimonial-block__quote\">HVALA VAM od srca, olak\u0161ali ste mi posao maksimalno! Dobila sam jako puno na vremenu od kada koristim Va\u0161u aplikaciju!<\/div>\n                    <div class=\"testimonial-block__name\">Martina Hautman Matija\u0161, V. Osnovna \u0161kola Bjelovar<\/div>\n                  <\/div>\n                <\/div>\n                              <div class=\"col-md-6 col-lg-4\">\n                  <div class=\"testimonial-block\">\n                    <div class=\"testimonial-block__quote\">Aplikacija je to \u0161to nam treba. Ukoliko se uzme da je ve\u0107 unaprijed definirano 95% podataka ovaj je program zakon! Do sada sam tro\u0161io najmanje 5 sati za pripremu, a sada \u0107e mi biti dovoljno pola sata. Kome god program preporu\u010dite mo\u017eete se poslu\u017eiti mojim apsolutnim zadovoljstvom.<\/div>\n                    <div class=\"testimonial-block__name\">Ivan Bari\u0107, Osnovna \u0161kola Hodo\u0161an<\/div>\n                  <\/div>\n                <\/div>\n                              <div class=\"col-md-6 col-lg-4\">\n                  <div class=\"testimonial-block\">\n                    <div class=\"testimonial-block__quote\">Aplikacija radi odli\u010dno, a posebno pohvaljujem va\u0161u kolegicu koja radi u slu\u017ebi za korisnike jer je ljubazna i brza i odmah razumije u \u010demu je problem, te daje upute kako se slu\u017eiti programom pogotovo na po\u010detku kad je bilo vi\u0161e na\u0161ih pitanja.<\/div>\n                    <div class=\"testimonial-block__name\">Nata\u0161a Vibiral, Komercijalna i trgova\u010dka \u0161kola Bjelovar<\/div>\n                  <\/div>\n                <\/div>\n                                <\/div>\n      <\/div>\n    <\/div>\n  <\/div>\n<\/div>\n\n\n\n<h2>Svi paketi uklju\u010duju<\/h2>\n\n\n<div id=\"custom-list-block_5ed61f684c45f\" class=\"custom-block custom-list-block\">\n  <div class=\"custom-list\">\n    <div class=\"container\">\n      <ul class=\"row no-gutters\">\n                  <li class=\"col-md-6\">\n            <div class=\"custom-list__item\">\n              <img src=\"https:\/\/floa.com.hr\/evr-qa\/wp-content\/themes\/radnisati\/assets\/img\/icon-list.svg\" alt=\"\">\n              <span>Besplatni probni rok od 30 dana<\/span>\n            <\/div>\n          <\/li>\n                  <li class=\"col-md-6\">\n            <div class=\"custom-list__item\">\n              <img src=\"https:\/\/floa.com.hr\/evr-qa\/wp-content\/themes\/radnisati\/assets\/img\/icon-list.svg\" alt=\"\">\n              <span>Korisni\u010dku podr\u0161ku emailom i telefonom<\/span>\n            <\/div>\n          <\/li>\n                  <li class=\"col-md-6\">\n            <div class=\"custom-list__item\">\n              <img src=\"https:\/\/floa.com.hr\/evr-qa\/wp-content\/themes\/radnisati\/assets\/img\/icon-list.svg\" alt=\"\">\n              <span>Besplatnu edukaciju za rad u aplikaciji <\/span>\n            <\/div>\n          <\/li>\n                  <li class=\"col-md-6\">\n            <div class=\"custom-list__item\">\n              <img src=\"https:\/\/floa.com.hr\/evr-qa\/wp-content\/themes\/radnisati\/assets\/img\/icon-list.svg\" alt=\"\">\n              <span>Mati\u010dnu knjigu radnika<\/span>\n            <\/div>\n          <\/li>\n              <\/ul>\n    <\/div>\n  <\/div>\n<\/div>\n\n\n<div id=\"call-to-action-block_5f1aab01879c3\" class=\"custom-block call-to-action-block\">\n  <div class=\"call-to-action\">\n    <div class=\"container\">\n      <div class=\"call-to-action__inner\">\n        <div class=\"call-to-action__buttons\">\n                                    <a href=\"https:\/\/app-qa.floa.com.hr\/index.php\/site\/register\" class=\"btn btn--tertiary \">\n                <span>\n                  \n                  \u017delim isprobati                <\/span>\n              <\/a>\n                              <\/div>\n        <div class=\"call-to-action__title\">\n          <span>30 dana besplatno. Brzo i jednostavno vo\u0111enje evidencije.<\/span>\n        <\/div>\n      <\/div>\n    <\/div>\n  <\/div>\n<\/div>\n","protected":false},"excerpt":{"rendered":"<p>Svi paketi uklju\u010duju<\/p>\n","protected":false},"author":5,"featured_media":0,"parent":0,"menu_order":0,"comment_status":"closed","ping_status":"closed","template":"t-fullwidth.php","meta":[],"yoast_head":"<!-- This site is optimized with the Yoast SEO plugin v15.8 - https:\/\/yoast.com\/wordpress\/plugins\/seo\/ -->\n<title>Evidencija radnog vremena za \u0161kole - Radni Sati Staging<\/title>\n<meta name=\"robots\" content=\"noindex, follow, max-snippet:-1, max-image-preview:large, max-video-preview:-1\" \/>\n<meta property=\"og:locale\" content=\"en_US\" \/>\n<meta property=\"og:type\" content=\"article\" \/>\n<meta property=\"og:title\" content=\"Evidencija radnog vremena za \u0161kole - Radni Sati Staging\" \/>\n<meta property=\"og:description\" content=\"Svi paketi uklju\u010duju\" \/>\n<meta property=\"og:url\" content=\"https:\/\/floa.com.hr\/evr-qa\/evidencija-radnog-vremena-za-skole\/\" \/>\n<meta property=\"og:site_name\" content=\"Radni Sati Staging\" \/>\n<meta property=\"article:modified_time\" content=\"2021-02-09T12:40:14+00:00\" \/>\n<meta name=\"twitter:card\" content=\"summary_large_image\" \/>\n<script type=\"application\/ld+json\" class=\"yoast-schema-graph\">{\"@context\":\"https:\/\/schema.org\",\"@graph\":[{\"@type\":\"WebSite\",\"@id\":\"https:\/\/floa.com.hr\/evr-qa\/#website\",\"url\":\"https:\/\/floa.com.hr\/evr-qa\/\",\"name\":\"Radni Sati Staging\",\"description\":\"Just another WordPress site\",\"potentialAction\":[{\"@type\":\"SearchAction\",\"target\":\"https:\/\/floa.com.hr\/evr-qa\/?s={search_term_string}\",\"query-input\":\"required name=search_term_string\"}],\"inLanguage\":\"en-US\"},{\"@type\":\"WebPage\",\"@id\":\"https:\/\/floa.com.hr\/evr-qa\/evidencija-radnog-vremena-za-skole\/#webpage\",\"url\":\"https:\/\/floa.com.hr\/evr-qa\/evidencija-radnog-vremena-za-skole\/\",\"name\":\"Evidencija radnog vremena za \\u0161kole - Radni Sati Staging\",\"isPartOf\":{\"@id\":\"https:\/\/floa.com.hr\/evr-qa\/#website\"},\"datePublished\":\"2020-04-28T10:17:32+00:00\",\"dateModified\":\"2021-02-09T12:40:14+00:00\",\"breadcrumb\":{\"@id\":\"https:\/\/floa.com.hr\/evr-qa\/evidencija-radnog-vremena-za-skole\/#breadcrumb\"},\"inLanguage\":\"en-US\",\"potentialAction\":[{\"@type\":\"ReadAction\",\"target\":[\"https:\/\/floa.com.hr\/evr-qa\/evidencija-radnog-vremena-za-skole\/\"]}]},{\"@type\":\"BreadcrumbList\",\"@id\":\"https:\/\/floa.com.hr\/evr-qa\/evidencija-radnog-vremena-za-skole\/#breadcrumb\",\"itemListElement\":[{\"@type\":\"ListItem\",\"position\":1,\"item\":{\"@type\":\"WebPage\",\"@id\":\"https:\/\/floa.com.hr\/evr-qa\/\",\"url\":\"https:\/\/floa.com.hr\/evr-qa\/\",\"name\":\"Home\"}},{\"@type\":\"ListItem\",\"position\":2,\"item\":{\"@type\":\"WebPage\",\"@id\":\"https:\/\/floa.com.hr\/evr-qa\/evidencija-radnog-vremena-za-skole\/\",\"url\":\"https:\/\/floa.com.hr\/evr-qa\/evidencija-radnog-vremena-za-skole\/\",\"name\":\"Evidencija radnog vremena za \\u0161kole\"}}]}]}<\/script>\n<!-- \/ Yoast SEO plugin. -->","_links":{"self":[{"href":"https:\/\/floa.com.hr\/evr-qa\/wp-json\/wp\/v2\/pages\/366"}],"collection":[{"href":"https:\/\/floa.com.hr\/evr-qa\/wp-json\/wp\/v2\/pages"}],"about":[{"href":"https:\/\/floa.com.hr\/evr-qa\/wp-json\/wp\/v2\/types\/page"}],"author":[{"embeddable":true,"href":"https:\/\/floa.com.hr\/evr-qa\/wp-json\/wp\/v2\/users\/5"}],"replies":[{"embeddable":true,"href":"https:\/\/floa.com.hr\/evr-qa\/wp-json\/wp\/v2\/comments?post=366"}],"version-history":[{"count":98,"href":"https:\/\/floa.com.hr\/evr-qa\/wp-json\/wp\/v2\/pages\/366\/revisions"}],"predecessor-version":[{"id":1258,"href":"https:\/\/floa.com.hr\/evr-qa\/wp-json\/wp\/v2\/pages\/366\/revisions\/1258"}],"wp:attachment":[{"href":"https:\/\/floa.com.hr\/evr-qa\/wp-json\/wp\/v2\/media?parent=366"}],"curies":[{"name":"wp","href":"https:\/\/api.w.org\/{rel}","templated":true}]}}