{"id":45,"date":"2019-09-30T18:15:33","date_gmt":"2019-09-30T18:15:33","guid":{"rendered":"https:\/\/floa.com.hr\/evr-qa\/?page_id=45"},"modified":"2022-06-10T09:24:52","modified_gmt":"2022-06-10T09:24:52","slug":"homepage","status":"publish","type":"page","link":"https:\/\/floa.com.hr\/evr-qa\/","title":{"rendered":"Homepage"},"content":{"rendered":"<div id=\"hero-block_5d9246aec16e4\" class=\"custom-block hero-block\">\n  <div class=\"hero hero--layout_alpha\">\n    <div class=\"container\">\n      <div class=\"row\">\n        <div class=\"col-lg-6\">\n          <div class=\"hero__content\">\n            <h1 class=\"hero__title\">Online evidencija radnika i radnog vremena<\/h1>\n            <h3 class=\"hero__text\">Automatsko popunjavanje evidencije prema unesenom radnom vremenu <\/h3>\n            <div class=\"hero__buttons\">\n                              <a href=\"https:\/\/app-qa.floa.com.hr\/index.php\/site\/register\" class=\"btn btn--primary\">Isprobaj besplatno<\/a>\n                              <a href=\"https:\/\/app-qa.floa.com.hr\/index.php\" class=\"btn btn--secondary\">Prijava<\/a>\n                          <\/div>\n          <\/div>\n        <\/div>\n        <div class=\"col-lg-6\">\n          <div class=\"hero__image\">\n                              <img width=\"1000\" height=\"928\" src=\"https:\/\/floa.com.hr\/evr-qa\/wp-content\/uploads\/2022\/06\/Headline-slika.png\" class=\"attachment-full size-full\" alt=\"\" srcset=\"https:\/\/floa.com.hr\/evr-qa\/wp-content\/uploads\/2022\/06\/Headline-slika.png 1000w, https:\/\/floa.com.hr\/evr-qa\/wp-content\/uploads\/2022\/06\/Headline-slika-300x278.png 300w, https:\/\/floa.com.hr\/evr-qa\/wp-content\/uploads\/2022\/06\/Headline-slika-768x713.png 768w, https:\/\/floa.com.hr\/evr-qa\/wp-content\/uploads\/2022\/06\/Headline-slika-20x20.png 20w\" sizes=\"(max-width: 1000px) 100vw, 1000px\" \/>                        <\/div>\n        <\/div>\n      <\/div>\n    <\/div>\n  <\/div>\n<\/div>\n\n\n<div id=\"brand-gallery-block_5d92477bc16e7\" class=\"custom-block brand-gallery-block\">\n  <div class=\"container\">\n          <div class=\"brand-gallery__title\">Na\u0161i korisnici<\/div>\n    \n            <ul class=\"brand-gallery__list\">\n                            <li class=\"brand-gallery__list-item\">\n                  <img width=\"44\" height=\"54\" src=\"https:\/\/floa.com.hr\/evr-qa\/wp-content\/uploads\/2020\/05\/HocuKnjigu-Logo-e1589786888252.png\" class=\"attachment-full size-full\" alt=\"\" srcset=\"https:\/\/floa.com.hr\/evr-qa\/wp-content\/uploads\/2020\/05\/HocuKnjigu-Logo-e1589786888252.png 44w, https:\/\/floa.com.hr\/evr-qa\/wp-content\/uploads\/2020\/05\/HocuKnjigu-Logo-e1589786888252-16x20.png 16w\" sizes=\"(max-width: 44px) 100vw, 44px\" \/>                <\/li>\n                            <li class=\"brand-gallery__list-item\">\n                  <img width=\"118\" height=\"50\" src=\"https:\/\/floa.com.hr\/evr-qa\/wp-content\/uploads\/2019\/09\/lunch.png\" class=\"attachment-full size-full\" alt=\"\" srcset=\"https:\/\/floa.com.hr\/evr-qa\/wp-content\/uploads\/2019\/09\/lunch.png 118w, https:\/\/floa.com.hr\/evr-qa\/wp-content\/uploads\/2019\/09\/lunch-20x8.png 20w\" sizes=\"(max-width: 118px) 100vw, 118px\" \/>                <\/li>\n                            <li class=\"brand-gallery__list-item\">\n                  <img width=\"50\" height=\"50\" src=\"https:\/\/floa.com.hr\/evr-qa\/wp-content\/uploads\/2020\/05\/sitolor-logo-e1589444282566.png\" class=\"attachment-full size-full\" alt=\"\" \/>                <\/li>\n                            <li class=\"brand-gallery__list-item\">\n                  <img width=\"168\" height=\"44\" src=\"https:\/\/floa.com.hr\/evr-qa\/wp-content\/uploads\/2020\/05\/instar2logo-e1589788933818.png\" class=\"attachment-full size-full\" alt=\"\" srcset=\"https:\/\/floa.com.hr\/evr-qa\/wp-content\/uploads\/2020\/05\/instar2logo-e1589788933818.png 168w, https:\/\/floa.com.hr\/evr-qa\/wp-content\/uploads\/2020\/05\/instar2logo-e1589788933818-20x5.png 20w\" sizes=\"(max-width: 168px) 100vw, 168px\" \/>                <\/li>\n                            <li class=\"brand-gallery__list-item\">\n                  <img width=\"215\" height=\"47\" src=\"https:\/\/floa.com.hr\/evr-qa\/wp-content\/uploads\/2020\/05\/PROJEKT-GRADNJA-d.o.o.-e1589524129349.png\" class=\"attachment-full size-full\" alt=\"\" \/>                <\/li>\n                            <li class=\"brand-gallery__list-item\">\n                  <img width=\"170\" height=\"46\" src=\"https:\/\/floa.com.hr\/evr-qa\/wp-content\/uploads\/2020\/04\/lu\u010dka-uprava-rovinj-e1589447095836.png\" class=\"attachment-full size-full\" alt=\"\" \/>                <\/li>\n                            <li class=\"brand-gallery__list-item\">\n                  <img width=\"128\" height=\"71\" src=\"https:\/\/floa.com.hr\/evr-qa\/wp-content\/uploads\/2020\/05\/inter-yachting-logo-e1589788246526.jpg\" class=\"attachment-full size-full\" alt=\"\" srcset=\"https:\/\/floa.com.hr\/evr-qa\/wp-content\/uploads\/2020\/05\/inter-yachting-logo-e1589788246526.jpg 128w, https:\/\/floa.com.hr\/evr-qa\/wp-content\/uploads\/2020\/05\/inter-yachting-logo-e1589788246526-20x11.jpg 20w\" sizes=\"(max-width: 128px) 100vw, 128px\" \/>                <\/li>\n                            <li class=\"brand-gallery__list-item\">\n                  <img width=\"100\" height=\"38\" src=\"https:\/\/floa.com.hr\/evr-qa\/wp-content\/uploads\/2020\/04\/logo_dominator-e1589444546101.png\" class=\"attachment-full size-full\" alt=\"\" \/>                <\/li>\n                            <li class=\"brand-gallery__list-item\">\n                  <img width=\"150\" height=\"43\" src=\"https:\/\/floa.com.hr\/evr-qa\/wp-content\/uploads\/2020\/04\/oniks-logo-e1588145525576.jpg\" class=\"attachment-full size-full\" alt=\"\" srcset=\"https:\/\/floa.com.hr\/evr-qa\/wp-content\/uploads\/2020\/04\/oniks-logo-e1588145525576.jpg 150w, https:\/\/floa.com.hr\/evr-qa\/wp-content\/uploads\/2020\/04\/oniks-logo-e1588145525576-20x6.jpg 20w\" sizes=\"(max-width: 150px) 100vw, 150px\" \/>                <\/li>\n                    <\/ul>\n    \n      <\/div>\n<\/div>\n\n\n<div id=\"info-block_5d9247b6c16e8\" class=\"custom-block info-block--fullwidth\">\n  <div class=\"info info--dark\">\n    <div class=\"container\">\n      <div class=\"row no-gutters\">\n        <div class=\"col-12\">\n          <div class=\"site-info  \">\n            <div class=\"site-info__content\">\n                              <div class=\"site-info__title\">\n                  Izbjegnite <span style=\"color: #CF4C4C\">visoke kazne<\/span> aplikacijom Online evidencija                <\/div>\n              \n                              <div class=\"site-info__text\">\n                  Zakon o radu (\u010dlanak 229.) odre\u0111uje visoke prekr\u0161ajne kazne za poslodavce koji ne vode evidenciju o radnicima i o radnom vremenu ili istu ne vode na propisan na\u010din. Za pravnu osobu propisana je <span style=\"color: #CF4C4C\">nov\u010dana kazna od 61.000 do 100.000 kuna<\/span>, a za odgovornu osobu u pravnoj osobi od 7.000 do 10.000 kuna.                <\/div>\n                          <\/div>\n            \n                      <\/div>\n\n        <\/div>\n      <\/div>\n    <\/div>\n  <\/div>\n<\/div>\n\n\n<div id=\"list-image-block_5d9247e5c16e9\" class=\"custom-block list-image-block\">\n  <div class=\"list-image list-image--layout_alpha\">\n    <div class=\"container\">\n      <div class=\"row no-gutters\">\n        <div class=\"col-md-6\">\n          <div class=\"list-image__content\">\n            <h2 class=\"list-image__title\">Evidencija radnog vremena<\/h2>\n                          <ul class=\"list-image__list\">\n                                  <li>\n                    <img src=\"https:\/\/floa.com.hr\/evr-qa\/wp-content\/themes\/radnisati\/assets\/img\/icon-list.svg\" alt=\"\">\n                    <span>Automatizacija evidencije radnog vremena<\/span>\n                  <\/li>\n                                  <li>\n                    <img src=\"https:\/\/floa.com.hr\/evr-qa\/wp-content\/themes\/radnisati\/assets\/img\/icon-list.svg\" alt=\"\">\n                    <span>Uskla\u0111ena sa svim propisima i pravilnicima<\/span>\n                  <\/li>\n                                  <li>\n                    <img src=\"https:\/\/floa.com.hr\/evr-qa\/wp-content\/themes\/radnisati\/assets\/img\/icon-list.svg\" alt=\"\">\n                    <span>Podr\u0161ka za sve oblika rada: smjenski i dvokratni rad, rad na terenu, preraspodjela, turnus<\/span>\n                  <\/li>\n                                  <li>\n                    <img src=\"https:\/\/floa.com.hr\/evr-qa\/wp-content\/themes\/radnisati\/assets\/img\/icon-list.svg\" alt=\"\">\n                    <span>Planiranje radnog vremena do tri mjeseca unaprijed<\/span>\n                  <\/li>\n                                  <li>\n                    <img src=\"https:\/\/floa.com.hr\/evr-qa\/wp-content\/themes\/radnisati\/assets\/img\/icon-list.svg\" alt=\"\">\n                    <span>Detaljni izvje\u0161taji za obra\u010dun pla\u0107e<\/span>\n                  <\/li>\n                              <\/ul>\n            \n                          <div class=\"list-image__button\">\n                  <a href=\"https:\/\/floa.com.hr\/evr-wp-qa\/privatne-tvrtke\/\" class=\"btn btn--tertiary\">Saznaj vi\u0161e<\/a>\n              <\/div>\n            \n          <\/div>\n        <\/div>\n        <div class=\"col-md-6\">\n          <div class=\"list-image__image\">\n                              <img width=\"461\" height=\"348\" src=\"https:\/\/floa.com.hr\/evr-qa\/wp-content\/uploads\/2020\/05\/Slika-1.png\" class=\"attachment-full size-full\" alt=\"\" srcset=\"https:\/\/floa.com.hr\/evr-qa\/wp-content\/uploads\/2020\/05\/Slika-1.png 461w, https:\/\/floa.com.hr\/evr-qa\/wp-content\/uploads\/2020\/05\/Slika-1-300x226.png 300w, https:\/\/floa.com.hr\/evr-qa\/wp-content\/uploads\/2020\/05\/Slika-1-20x15.png 20w\" sizes=\"(max-width: 461px) 100vw, 461px\" \/>                        <\/div>\n        <\/div>\n      <\/div>\n    <\/div>\n  <\/div>\n<\/div>\n\n\n<div id=\"list-image-block_5d924822c16ed\" class=\"custom-block list-image-block\">\n  <div class=\"list-image list-image--layout_beta\">\n    <div class=\"container\">\n      <div class=\"row no-gutters\">\n        <div class=\"col-md-6\">\n          <div class=\"list-image__content\">\n            <h2 class=\"list-image__title\">Godi\u0161nji odmori <\/h2>\n                          <ul class=\"list-image__list\">\n                                  <li>\n                    <img src=\"https:\/\/floa.com.hr\/evr-qa\/wp-content\/themes\/radnisati\/assets\/img\/icon-list.svg\" alt=\"\">\n                    <span>Evidencija starog i novog godi\u0161njeg<\/span>\n                  <\/li>\n                                  <li>\n                    <img src=\"https:\/\/floa.com.hr\/evr-qa\/wp-content\/themes\/radnisati\/assets\/img\/icon-list.svg\" alt=\"\">\n                    <span>Prikaz iskori\u0161tenih i preostalih dana godi\u0161njeg odmora<\/span>\n                  <\/li>\n                                  <li>\n                    <img src=\"https:\/\/floa.com.hr\/evr-qa\/wp-content\/themes\/radnisati\/assets\/img\/icon-list.svg\" alt=\"\">\n                    <span>Prijava i odobrenje godi\u0161njih odmora za zaposlenike<\/span>\n                  <\/li>\n                              <\/ul>\n            \n                          <div class=\"list-image__button\">\n                  <a href=\"https:\/\/floa.com.hr\/evr-qa\/privatne-tvrtke\/\" class=\"btn btn--tertiary\">Saznaj vi\u0161e<\/a>\n              <\/div>\n            \n          <\/div>\n        <\/div>\n        <div class=\"col-md-6\">\n          <div class=\"list-image__image\">\n                              <img width=\"1682\" height=\"1000\" src=\"https:\/\/floa.com.hr\/evr-qa\/wp-content\/uploads\/2020\/06\/Osustva2.png\" class=\"attachment-full size-full\" alt=\"\" srcset=\"https:\/\/floa.com.hr\/evr-qa\/wp-content\/uploads\/2020\/06\/Osustva2.png 1682w, https:\/\/floa.com.hr\/evr-qa\/wp-content\/uploads\/2020\/06\/Osustva2-300x178.png 300w, https:\/\/floa.com.hr\/evr-qa\/wp-content\/uploads\/2020\/06\/Osustva2-1024x609.png 1024w, https:\/\/floa.com.hr\/evr-qa\/wp-content\/uploads\/2020\/06\/Osustva2-768x457.png 768w, https:\/\/floa.com.hr\/evr-qa\/wp-content\/uploads\/2020\/06\/Osustva2-1536x913.png 1536w, https:\/\/floa.com.hr\/evr-qa\/wp-content\/uploads\/2020\/06\/Osustva2-20x12.png 20w\" sizes=\"(max-width: 1682px) 100vw, 1682px\" \/>                        <\/div>\n        <\/div>\n      <\/div>\n    <\/div>\n  <\/div>\n<\/div>\n\n\n<div id=\"list-image-block_5e90435f7719e\" class=\"custom-block list-image-block\">\n  <div class=\"list-image list-image--layout_alpha\">\n    <div class=\"container\">\n      <div class=\"row no-gutters\">\n        <div class=\"col-md-6\">\n          <div class=\"list-image__content\">\n            <h2 class=\"list-image__title\">Dodatne opcije<\/h2>\n                          <ul class=\"list-image__list\">\n                                  <li>\n                    <img src=\"https:\/\/floa.com.hr\/evr-qa\/wp-content\/themes\/radnisati\/assets\/img\/icon-list.svg\" alt=\"\">\n                    <span>Mati\u010dna knjiga radnika<\/span>\n                  <\/li>\n                                  <li>\n                    <img src=\"https:\/\/floa.com.hr\/evr-qa\/wp-content\/themes\/radnisati\/assets\/img\/icon-list.svg\" alt=\"\">\n                    <span>Mobilna \u0161ihterica za prijavu dolazaka i odlazaka<\/span>\n                  <\/li>\n                                  <li>\n                    <img src=\"https:\/\/floa.com.hr\/evr-qa\/wp-content\/themes\/radnisati\/assets\/img\/icon-list.svg\" alt=\"\">\n                    <span>Poslovnice i voditelji<\/span>\n                  <\/li>\n                                  <li>\n                    <img src=\"https:\/\/floa.com.hr\/evr-qa\/wp-content\/themes\/radnisati\/assets\/img\/icon-list.svg\" alt=\"\">\n                    <span>Izvoz podataka u Excel<\/span>\n                  <\/li>\n                              <\/ul>\n            \n                          <div class=\"list-image__button\">\n                  <a href=\"https:\/\/floa.com.hr\/evr-wp-qa\/privatne-tvrtke\/\" class=\"btn btn--tertiary\">Saznaj vi\u0161e<\/a>\n              <\/div>\n            \n          <\/div>\n        <\/div>\n        <div class=\"col-md-6\">\n          <div class=\"list-image__image\">\n                              <img width=\"1961\" height=\"1253\" src=\"https:\/\/floa.com.hr\/evr-qa\/wp-content\/uploads\/2020\/05\/Slika4-e1590649272289.png\" class=\"attachment-full size-full\" alt=\"\" srcset=\"https:\/\/floa.com.hr\/evr-qa\/wp-content\/uploads\/2020\/05\/Slika4-e1590649272289.png 1961w, https:\/\/floa.com.hr\/evr-qa\/wp-content\/uploads\/2020\/05\/Slika4-e1590649272289-300x192.png 300w, https:\/\/floa.com.hr\/evr-qa\/wp-content\/uploads\/2020\/05\/Slika4-e1590649272289-1024x654.png 1024w, https:\/\/floa.com.hr\/evr-qa\/wp-content\/uploads\/2020\/05\/Slika4-e1590649272289-768x491.png 768w, https:\/\/floa.com.hr\/evr-qa\/wp-content\/uploads\/2020\/05\/Slika4-e1590649272289-1536x981.png 1536w, https:\/\/floa.com.hr\/evr-qa\/wp-content\/uploads\/2020\/05\/Slika4-e1590649272289-20x13.png 20w\" sizes=\"(max-width: 1961px) 100vw, 1961px\" \/>                        <\/div>\n        <\/div>\n      <\/div>\n    <\/div>\n  <\/div>\n<\/div>\n\n\n<div id=\"list-testimonial-block_5d924884c16f1\" class=\"custom-block list-testimonial-block\">\n  <div class=\"list-testimonial\">\n    <div class=\"container\">\n      <div class=\"list-testimonial__title\">\n        <span>\u0160TO KA\u017dU NA\u0160I KORISNICI?<\/span>\n      <\/div>\n      <div class=\"list-testimonial__content\">\n        <div class=\"row\">\n                                        <div class=\"col-md-6 col-lg-4\">\n                  <div class=\"testimonial-block\">\n                    <div class=\"testimonial-block__quote\">Aplikacija priprema podatke unaprijed \u010dime se \u0161tedi vrijeme. Na kraju mjeseca samo upi\u0161em godi\u0161nji i bolovanje! <\/div>\n                    <div class=\"testimonial-block__name\">Jasna M, office manager<\/div>\n                  <\/div>\n                <\/div>\n                              <div class=\"col-md-6 col-lg-4\">\n                  <div class=\"testimonial-block\">\n                    <div class=\"testimonial-block__quote\">Super je \u0161to aplikacija prati sve va\u017ee\u0107e propise pa nema bojazni da stvari nisu u redu kad do\u0111e inspekcija!<\/div>\n                    <div class=\"testimonial-block__name\">Zoran A, direktor<\/div>\n                  <\/div>\n                <\/div>\n                              <div class=\"col-md-6 col-lg-4\">\n                  <div class=\"testimonial-block\">\n                    <div class=\"testimonial-block__quote\">Kona\u010dno vi\u0161e ne gubim puste sate da bi &#8220;sredila&#8221; mjese\u010dne evidencije prije slanja u knjigovodstvo!<\/div>\n                    <div class=\"testimonial-block__name\">Ana T, tajnica<\/div>\n                  <\/div>\n                <\/div>\n                                <\/div>\n      <\/div>\n    <\/div>\n  <\/div>\n<\/div>\n\n\n<div id=\"call-to-action-block_5d9248c4c16f6\" class=\"custom-block call-to-action-block\">\n  <div class=\"call-to-action\">\n    <div class=\"container\">\n      <div class=\"call-to-action__inner\">\n        <div class=\"call-to-action__buttons\">\n                                    <a href=\"https:\/\/app-qa.floa.com.hr\/index.php\/site\/register\" class=\"btn btn--primary \">\n                <span>\n                  \n                  Isprobaj 30 dana besplatno                <\/span>\n              <\/a>\n                              <\/div>\n        <div class=\"call-to-action__title\">\n          <span>Svi podatci uneseni u probnu verziju ostaju sa\u010duvani i za licenciranu verziju<\/span>\n        <\/div>\n      <\/div>\n    <\/div>\n  <\/div>\n<\/div>\n\n\n\n<p><\/p>\n","protected":false},"excerpt":{"rendered":"","protected":false},"author":1,"featured_media":0,"parent":0,"menu_order":0,"comment_status":"closed","ping_status":"closed","template":"t-homepage.php","meta":[],"yoast_head":"<!-- This site is optimized with the Yoast SEO plugin v15.8 - https:\/\/yoast.com\/wordpress\/plugins\/seo\/ -->\n<title>Homepage - Radni Sati Staging<\/title>\n<meta name=\"robots\" content=\"noindex, follow, max-snippet:-1, max-image-preview:large, max-video-preview:-1\" \/>\n<meta property=\"og:locale\" content=\"en_US\" \/>\n<meta property=\"og:type\" content=\"article\" \/>\n<meta property=\"og:title\" content=\"Homepage - Radni Sati Staging\" \/>\n<meta property=\"og:url\" content=\"https:\/\/floa.com.hr\/evr-qa\/\" \/>\n<meta property=\"og:site_name\" content=\"Radni Sati Staging\" \/>\n<meta property=\"article:modified_time\" content=\"2022-06-10T09:24:52+00:00\" \/>\n<meta name=\"twitter:card\" content=\"summary_large_image\" \/>\n<script type=\"application\/ld+json\" class=\"yoast-schema-graph\">{\"@context\":\"https:\/\/schema.org\",\"@graph\":[{\"@type\":\"WebSite\",\"@id\":\"https:\/\/floa.com.hr\/evr-qa\/#website\",\"url\":\"https:\/\/floa.com.hr\/evr-qa\/\",\"name\":\"Radni Sati Staging\",\"description\":\"Just another WordPress site\",\"potentialAction\":[{\"@type\":\"SearchAction\",\"target\":\"https:\/\/floa.com.hr\/evr-qa\/?s={search_term_string}\",\"query-input\":\"required name=search_term_string\"}],\"inLanguage\":\"en-US\"},{\"@type\":\"WebPage\",\"@id\":\"https:\/\/floa.com.hr\/evr-qa\/#webpage\",\"url\":\"https:\/\/floa.com.hr\/evr-qa\/\",\"name\":\"Homepage - Radni Sati Staging\",\"isPartOf\":{\"@id\":\"https:\/\/floa.com.hr\/evr-qa\/#website\"},\"datePublished\":\"2019-09-30T18:15:33+00:00\",\"dateModified\":\"2022-06-10T09:24:52+00:00\",\"breadcrumb\":{\"@id\":\"https:\/\/floa.com.hr\/evr-qa\/#breadcrumb\"},\"inLanguage\":\"en-US\",\"potentialAction\":[{\"@type\":\"ReadAction\",\"target\":[\"https:\/\/floa.com.hr\/evr-qa\/\"]}]},{\"@type\":\"BreadcrumbList\",\"@id\":\"https:\/\/floa.com.hr\/evr-qa\/#breadcrumb\",\"itemListElement\":[{\"@type\":\"ListItem\",\"position\":1,\"item\":{\"@type\":\"WebPage\",\"@id\":\"https:\/\/floa.com.hr\/evr-qa\/\",\"url\":\"https:\/\/floa.com.hr\/evr-qa\/\",\"name\":\"Home\"}},{\"@type\":\"ListItem\",\"position\":2,\"item\":{\"@type\":\"WebPage\",\"@id\":\"https:\/\/floa.com.hr\/evr-qa\/\",\"url\":\"https:\/\/floa.com.hr\/evr-qa\/\",\"name\":\"Homepage\"}}]}]}<\/script>\n<!-- \/ Yoast SEO plugin. -->","_links":{"self":[{"href":"https:\/\/floa.com.hr\/evr-qa\/wp-json\/wp\/v2\/pages\/45"}],"collection":[{"href":"https:\/\/floa.com.hr\/evr-qa\/wp-json\/wp\/v2\/pages"}],"about":[{"href":"https:\/\/floa.com.hr\/evr-qa\/wp-json\/wp\/v2\/types\/page"}],"author":[{"embeddable":true,"href":"https:\/\/floa.com.hr\/evr-qa\/wp-json\/wp\/v2\/users\/1"}],"replies":[{"embeddable":true,"href":"https:\/\/floa.com.hr\/evr-qa\/wp-json\/wp\/v2\/comments?post=45"}],"version-history":[{"count":239,"href":"https:\/\/floa.com.hr\/evr-qa\/wp-json\/wp\/v2\/pages\/45\/revisions"}],"predecessor-version":[{"id":1500,"href":"https:\/\/floa.com.hr\/evr-qa\/wp-json\/wp\/v2\/pages\/45\/revisions\/1500"}],"wp:attachment":[{"href":"https:\/\/floa.com.hr\/evr-qa\/wp-json\/wp\/v2\/media?parent=45"}],"curies":[{"name":"wp","href":"https:\/\/api.w.org\/{rel}","templated":true}]}}