{"id":660,"date":"2020-05-18T10:17:15","date_gmt":"2020-05-18T10:17:15","guid":{"rendered":"https:\/\/floa.com.hr\/evr-qa\/?page_id=660"},"modified":"2020-05-18T10:17:16","modified_gmt":"2020-05-18T10:17:16","slug":"opci-uvjeti-koristenja","status":"publish","type":"page","link":"https:\/\/floa.com.hr\/evr-qa\/opci-uvjeti-koristenja\/","title":{"rendered":"Op\u0107i uvjeti kori\u0161tenja"},"content":{"rendered":"\n<h2>I Uvodne odredbe  <\/h2>\n\n\n\n<p>Ovim Op\u0107im uvjetima trgova\u010dkog dru\u0161tva FLOA d.o.o. (dalje u tekstu: Op\u0107i uvjeti) utvr\u0111uju se sadr\u017eaj i uvjeti kori\u0161tenja internetske aplikacije Online evidencija (dalje u tekstu: Aplikacija) te prava i obveze Korisnika Aplikacije.<\/p>\n\n\n\n<p>Online prijavom na internetskoj stranici www.radnisati.com koriste\u0107i jedno od korisni\u010dkih imena i lozinki koje mu je u\u010dinio dostupnim FLOA d.o.o. Korisnik prihva\u0107a uvjete kori\u0161tenja usluga utvr\u0111ene ovim Op\u0107im uvjetima i potvr\u0111uje da su mu isti bili poznati i dostupni u pregovorima oko sklapanja ugovora te se takav po\u010detak kori\u0161tenja Aplikacije ima smatrati potvrdom sklopljenog ugovora.<\/p>\n\n\n\n<p>Ovi Op\u0107i uvjeti sastavni su dio ugovora izme\u0111u trgova\u010dkog dru\u0161tva FLOA d.o.o. i Korisnika, a objavljeni su na internetskoj stranici www.radnisati.com te su vidljivi Korisniku nakon prijave korisni\u010dkim imenom i lozinkom.<\/p>\n\n\n\n<h2>II Pojmovi i definicije <\/h2>\n\n\n\n<p>Pru\u017eatelj usluge je trgova\u010dko dru\u0161tvo FLOA d.o.o. za ra\u010dunalne djelatnosti i usluge sa sjedi\u0161tem u Vara\u017edinu, Josipa Kozarca 20, OIB 28753835270.<\/p>\n\n\n\n<p>Korisnik je pravna ili fizi\u010dka osoba s kojom pru\u017eatelj usluge sklapa ugovor za kori\u0161tenje Aplikacije putem sredstava daljinske komunikacije, sukladno va\u017ee\u0107im propisima.<\/p>\n\n\n\n<p>Odgovorna osoba je ovla\u0161tena osoba Korisnika koja se registrirala za kori\u0161tenje Aplikacije i koja je registracijom prihvatila Op\u0107e uvjete.<\/p>\n\n\n\n<p>Aplikacija je uskla\u0111ena s odredbama va\u017ee\u0107ih pozitivnih propisa Republike Hrvatske razvijena od strane pru\u017eatelja usluge.<\/p>\n\n\n\n<p>Ograni\u010denje kori\u0161tenja Aplikacije je onemogu\u0107avanje Korisniku kori\u0161tenja odre\u0111ene usluge, koje \u0107e se primijeniti kada se ispune uvjeti za privremeno ili trajno isklju\u010denje sukladno va\u017ee\u0107im propisima, odnosno ovim Op\u0107im uvjetima.<\/p>\n\n\n\n<p>Baza podataka je skup svih podataka unesenih kroz Aplikaciju spremljen na odgovaraju\u0107i na\u010din prilago\u0111en potrebama Aplikacije.<\/p>\n\n\n\n<h2>III Tehni\u010dki uvjeti za kori\u0161tenje Aplikacije <\/h2>\n\n\n\n<p>Za kori\u0161tenje Aplikacije Korisnik o svom tro\u0161ku i na vlastitu odgovornost mora osigurati sljede\u0107e tehni\u010dke uvjete:<\/p>\n\n\n\n<p>(1) osobno ra\u010dunalo ili drugi ure\u0111aj s mogu\u0107no\u0161\u0107u prikaza web stranica i ispisa na pisa\u010d,<br>(2) pristup internetu,<br>(3) internetski preglednik, prema preporuci koji \u0107e biti objavljena na web stranicama www.radnisati.com.<\/p>\n\n\n\n<h2>IV Postupak registracije i sklapanje ugovora <\/h2>\n\n\n\n<p>Prijava se vr\u0161i na internetskoj stranici www.radnisati.com prihva\u0107anjem ovih Op\u0107ih uvjeta, na sljede\u0107i na\u010din:<\/p>\n\n\n\n<p>(1) Korisnik se prijavljuje putem web aplikacije uno\u0161enjem korisni\u010dkog imena i lozinke.<br>(2) Da bi prva prijava pri kori\u0161tenju Aplikacije bila mogu\u0107a, Korisnik mora potvrditi da su mu predo\u010deni ovi Op\u0107i uvjeti i sa istima se mora slo\u017eiti.<br>(3) Prvom prijavom na ovaj na\u010din, Korisnik daje suglasnost na uporabu sredstva daljinske komunikacije u svrhu sklapanja ugovora te je upoznat i prihva\u0107a da se ugovor izme\u0111u pru\u017eatelja usluge i Korisnika smatra sklopljenim prvom prijavom putem navedenog postupka.<\/p>\n\n\n\n<h2><strong>V<\/strong> Pla\u0107anje <\/h2>\n\n\n\n<p>Istekom probnog kori\u0161tenja ili ranije (potvrdom nacrta ra\u010duna u samoj Aplikaciji), i nastavkom kori\u0161tenja Aplikacije od strane Korisnika, Pru\u017eatelj usluge je ovla\u0161ten ispostaviti ra\u010dun Korisniku.<\/p>\n\n\n\n<p>Korisnik je du\u017ean uplatiti ukupni iznos iskazan na ra\u010dunu u roku nazna\u010denom na ra\u010dunu, a koji ne\u0107e biti kra\u0107i od 8 dana.<\/p>\n\n\n\n<p>U tijeku predvi\u0111enog roka za uplatu Korisnik mo\u017ee koristiti Aplikaciju, a ukoliko Korisnik ne izvr\u0161i uplatu u predvi\u0111enom roku, pru\u017eatelj usluge mo\u017ee ograni\u010diti kori\u0161tenje Aplikacije ili raskinuti ugovor i deaktivirati korisni\u010dki ra\u010dun.<\/p>\n\n\n\n<p>Po uredno zaprimljenoj uplati Korisniku se mo\u017ee ponovno aktivirati kori\u0161tenje Aplikacije.<\/p>\n\n\n\n<h2>VI Trajanje ugovora, cijene i uvjeti pla\u0107anja <\/h2>\n\n\n\n<p>Korisnik je za kori\u0161tenje Aplikacije obvezan pla\u0107ati pru\u017eatelju usluge naknadu u visini i na na\u010din utvr\u0111en kao ni\u017ee.<\/p>\n\n\n\n<p>Ugovor za kori\u0161tenje Aplikacije sklapa se na odre\u0111eno vrijeme i to na period od 12 (slovima: dvanaest) mjeseci. Po\u010detak i istek ugovornog odnosa biti \u0107e nazna\u010den na ra\u010dunu izdanom od strane pru\u017eatelja usluge. Istekom toga perioda, ugovor se ne obnavlja automatski niti je produljeno djelovanje pravnih odnosa iz istog mogu\u0107e nakon isteka ugovorenog perioda.<\/p>\n\n\n\n<p>Naknada za kori\u0161tenje Aplikacije u periodu od 12 mjeseci je nazna\u010dena u nacrtu ra\u010duna unutar same Aplikacije.<\/p>\n\n\n\n<p>Pru\u017eatelj usluge \u0107e prije isteka ugovorenog roka kori\u0161tenja Aplikacije obavijestiti Korisnika o isteku, a Korisnik je du\u017ean sam odabrati sljede\u0107u Aplikaciju ili odgovaraju\u0107u uslugu, kako bi se po podmirenju naknade ili nastavilo kori\u0161tenje dotada\u0161nje Aplikacije u sljede\u0107em razdoblju kori\u0161tenja po novim uvjetima ili ugovorilo kori\u0161tenje neke druge usluge ili Aplikacije.<\/p>\n\n\n\n<h2>VII Probno kori\u0161tenje, privremeno ograni\u010denje i promjena na\u010dina kori\u0161tenja Aplikacije <\/h2>\n\n\n\n<p>Pru\u017eatelj usluge je ovla\u0161ten Korisniku omogu\u0107iti probno kori\u0161tenje Aplikacije do najvi\u0161e 30 dana. Ovo ovla\u0161tenje pru\u017eatelj usluge mo\u017ee opozvati u svakom trenutku, bez odobrenja Korisnika i bez odgovornosti za eventualnu \u0161tetu koja bi Korisniku mogla nastati.<\/p>\n\n\n\n<p>Korisnik je unutar roka od 30 dana (period probnog kori\u0161tenja) ovla\u0161ten odustati od kori\u0161tenja Aplikacije bez naknade pru\u017eatelju usluge (o \u010demu je du\u017ean obavijestiti pru\u017eatelja usluge), a ukoliko nastavi koristiti Aplikaciju istekom probnog perioda ili ranije potvrdi nacrt ra\u010duna dostupan u samoj Aplikaciji, period probnog kori\u0161tenja ura\u010dunava se u ugovoreni period kori\u0161tenja.<\/p>\n\n\n\n<p>Ako se definirana naknada za kori\u0161tenje Aplikacije ne podmiri u roku, usluga mo\u017ee postati privremeno nedostupna ili suspendirana, bez obzira na posljedice koje mo\u017ee imati Korisnik.<\/p>\n\n\n\n<p>Pru\u017eatelj usluge mo\u017ee uvesti, promijeniti ili ukinuti Aplikaciju, uz prethodnu obavijest Korisniku, sukladno va\u017ee\u0107im propisima i ugovornim odredbama. U slu\u010daju promjene Aplikacije, odnosno uvjeta kori\u0161tenja Aplikacije i dodatnih opcija, Korisnik nastavlja koristiti Aplikaciju prema prethodno definiranom kori\u0161tenju do isteka roka na koji je ugovoreno kori\u0161tenje.<\/p>\n\n\n\n<h2>VIII Baza podataka i povjerljivost informacija <\/h2>\n\n\n\n<p>Korisnik Aplikacije je vlasnik baze podataka.<\/p>\n\n\n\n<p>Podaci se sinkroniziraju isklju\u010divo kada je dostupan pristup internetu, u slu\u010daju nedostupnosti interneta pru\u017eatelj usluge ne mo\u017ee omogu\u0107iti sinkronizaciju, odnosno pohranu podataka.<\/p>\n\n\n\n<p>Korisnik je du\u017ean omogu\u0107iti stalno dostupan internet.<\/p>\n\n\n\n<p>U slu\u010daju prestanka ugovora o kori\u0161tenju Aplikacije pru\u017eatelj usluge \u0107e omogu\u0107iti Korisniku pristup podacima unutar korisni\u010dkog ra\u010duna u narednom periodu od 6 (slovima: \u0161est) mjeseci, prilikom kojeg \u0107e Korisnik mo\u0107i pristupati podacima, ali bez mogu\u0107nosti uno\u0161enja podataka i kori\u0161tenja Aplikacije na drugi na\u010din.<\/p>\n\n\n\n<p>Nakon isteka roka od 6 mjeseci od prestanka ugovora o kori\u0161tenju aplikacije, podaci \u0107e biti brisani iz baze podataka, s time da se podaci na pisani zahtjev Korisnika mogu brisati i prije isteka navedenog roka.<\/p>\n\n\n\n<p>Nakon isteka roka unutar kojega Korisnik mo\u017ee postaviti zahtjev za dostavom baze podataka, pru\u017eatelj usluge nije du\u017ean predmetne podatke \u010duvati, niti u\u010diniti dostupnim Korisniku.<\/p>\n\n\n\n<p>Korisnik je suglasan da pru\u017eatelj usluge mo\u017ee prikupljene podatke koji se odnose na njega, a koji se unesu pri kori\u0161tenju Aplikacije te ostale podatke potrebne za ispunjenje ugovora iznositi izvan Republike Hrvatske, u zemlje u kojima se nalaze podatkovni centri na kojima \u0107e biti instalirana Aplikacija.<\/p>\n\n\n\n<p>Podatke o radnicima koje Korisnik prikuplja i unosi u Aplikaciju pru\u017eatelj usluge ne smije davati na kori\u0161tenje bilo kome, niti ih smije obra\u0111ivati za bilo koju drugu svrhu, osim u svrhu ispunjenja obveza preuzetih ugovorom.<\/p>\n\n\n\n<p>Podaci uneseni od strane Korisnika u Aplikaciju i sadr\u017eaj koji Korisnik obra\u0111uje kori\u0161tenjem Aplikacije, predstavljaju povjerljive podatke Korisnika. Pru\u017eatelj usluge ne\u0107e ostvarivati pristup, koristiti, mijenjati niti na bilo koji drugi na\u010din obra\u0111ivati u vlastite svrhe podatke koje Korisnik unosi u Aplikaciju pri kori\u0161tenju usluge i koji se obra\u0111uju od strane Korisnika kori\u0161tenjem Aplikacije. Pru\u017eatelj usluge je du\u017ean \u010duvati kao povjerljive sve podatke o kojima bi, radi ispunjavanja svojih obveza prema Korisniku sukladno ovim Op\u0107im uvjetima, mogao dobiti saznanje te \u0107e osiguravati odgovaraju\u0107e mjere za\u0161tite podataka.<\/p>\n\n\n\n<p>Pru\u017eatelj usluge ili Korisnik ne smiju otkrivati povjerljive informacije koje se odnose ili su vezane uz ugovor o kori\u0161tenju Aplikacije neovla\u0161tenim osobama ili bilo kojoj tre\u0107oj strane bez prethodne pisane suglasnosti.<\/p>\n\n\n\n<p>Pru\u017eatelj usluge du\u017ean je prikupljene podatke na odgovaraju\u0107i na\u010din za\u0161tititi od slu\u010dajnog gubitka ili uni\u0161tenja, nedopu\u0161tenog pristupa, nedopu\u0161tene promjene, nedopu\u0161tenog objavljivanja i svake druge zlouporabe.<\/p>\n\n\n\n<h2>IX Odgovornost za kori\u0161tenje Aplikacije <\/h2>\n\n\n\n<p>Korisnik se obvezuje koristiti Aplikaciju sukladno tehnolo\u0161kim postavkama utvr\u0111enima Op\u0107im uvjetima.<\/p>\n\n\n\n<p>Korisnik je odgovoran za to\u010dnost podataka unesenih prilikom kori\u0161tenja Aplikacije te Aplikaciju koristi samo kao podlogu za ispravan unos i vo\u0111enje evidencija. Korisnik vodi brigu o sukladnosti vo\u0111enja evidencija prema primjenjivim propisima.<\/p>\n\n\n\n<p>Ukoliko Korisnik uo\u010di bilo kakve nepravilnosti u radu Aplikacije ili nesuglasje s va\u017ee\u0107im propisima, du\u017ean je u najkra\u0107em mogu\u0107em roku obavijestiti pru\u017eatelja usluge, kako bi se uo\u010dene pogre\u0161ke ispravile.<\/p>\n\n\n\n<p>Korisnik se obvezuje da \u0107e koristiti Aplikaciju isklju\u010divo za evidenciju i rekapitulaciju radnog vremena svojih zaposlenika te da kori\u0161tenje iste ne\u0107e u\u010diniti dostupnim tre\u0107im osobama.<\/p>\n\n\n\n<p>Pru\u017eatelj usluge ne odgovara Korisniku za \u0161tetu nastalu zbog:<\/p>\n\n\n\n<p>(1) nemogu\u0107nosti kori\u0161tenja Aplikacije uslijed neodgovaraju\u0107eg postupanja Korisnika,<br>(2) nedostupnosti Aplikacije nastale kao posljedica tehni\u010dkih problema ili vi\u0161e sile,<br>(3) neadekvatnosti usluge za potrebe Korisnika.<\/p>\n\n\n\n<p>Korisniku se pru\u017ea kori\u0161tenje Aplikacije u kona\u010dnom obliku te se isklju\u010duje bilo kakvo jamstvo glede bilo kakvih nedostataka Aplikacije. Iako pru\u017eatelj usluge radi konstantno testiranje i odr\u017eavanje Aplikacije, ne mo\u017ee jam\u010diti da prilikom kori\u0161tenja ne\u0107e do\u0107i do pogre\u0161aka u radu Aplikacije te da tom prilikom ne\u0107e do\u0107i do eventualnih kvarova.<\/p>\n\n\n\n<p>U svakom slu\u010daju pru\u017eatelj usluge \u0107e poduzeti sve korake da kvar otkloni u najkra\u0107em mogu\u0107em roku.<\/p>\n\n\n\n<p>Pru\u017eatelj usluge ne odgovara Korisniku za \u0161tetu, ukoliko unato\u010d mjerama za\u0161tite do\u0111e do gubitka ili uni\u0161tenja podataka, nedopu\u0161tenog pristupa, nedopu\u0161tene promjene, nedopu\u0161tenog objavljivanja ili bilo koje druge zlouporabe, a posebno kada su navedene okolnosti uzrokovane vi\u0161om silom, kvarom opreme, pogre\u0161nim rukovanjem, utjecajem drugih licenciranih i nelicenciranih ra\u010dunalnih programa, virusa i ostalih \u0161tetnih utjecaja.<\/p>\n\n\n\n<h2>X Intelektualno vlasni\u0161tvo <\/h2>\n\n\n\n<p>Cjelokupno intelektualno vlasni\u0161tvo (program, struktura, edukacija, web podr\u0161ka, slike, fotografije, logotipi i dr.) isklju\u010divo je vlasni\u0161tvo pru\u017eatelja usluge.<\/p>\n\n\n\n<p>Korisnik Aplikacije nema pravo prodati, ustupiti, pokloniti niti na bilo koji drugi na\u010din izvlastiti cjelinu ili bilo koji dio intelektualnog vlasni\u0161tva pru\u017eatelja usluge.<\/p>\n\n\n\n<h2>XI Posebne obveze pru\u017eatelja usluge <\/h2>\n\n\n\n<p>Pru\u017eatelj usluge posebno se obvezuje:<\/p>\n\n\n\n<p>(1) omogu\u0107iti podroban pregled i ispis svih podataka koji se unose u Aplikaciju,<br>(2) omogu\u0107iti svakodobni pregled Op\u0107ih uvjeta,<br>(3) \u010duvati podatke Korisnika u skladu s va\u017ee\u0107im propisima i me\u0111unarodnim standardima i preporukama,<br>(4) pru\u017eiti besplatnu podr\u0161ku prvenstveno putem emaila:&nbsp;info@radnisati.com, ili u slu\u010daju nemogu\u0107nosti podr\u0161ke putem emaila, putem telefona Floa d.o.o. navedenog na internetskim stranicama Aplikacije,<br>(5) prigodom pristupa Aplikaciji, osigurati korisni\u010dki ra\u010dun od neovla\u0161tenog kori\u0161tenja, na na\u010din da jedino Korisnik usluge ima pristup preko svog korisni\u010dkog ra\u010duna,<br>(6) osiguravati kontinuiranu funkcionalnost Aplikacije,<br>(7) pru\u017eiti pomo\u0107 pri rje\u0161avanju problema pri djelovanju Aplikacije &#8211; pomo\u0107 \u0107e primarno biti pru\u017eana putem emaila,<br>(8) osigurati teku\u0107e isporuke pobolj\u0161anja i potrebnih popravaka programskog koda Aplikacije u slu\u010daju ustanovljenih nepravilnosti rada instalirane Aplikacije,<br>(9) sprije\u010diti gubitak podataka svakodnevnom izradom kopija baze podataka (radnim danom) te sukladno tome osigurati povrat podataka za najkasnije 48 unatrag od podneva teku\u0107eg dana u mjesecu,<br>(10) osigurati promjenu Aplikacije prema eventualno izmijenjenim propisima,<br>(11) odgovarati do vrijednosti godi\u0161nje naknade za kori\u0161tenje Korisniku ukoliko je nadle\u017eno tijelo pravomo\u0107nom odlukom utvrdilo nesukladnost Aplikacije s propisima Republike Hrvatske.<\/p>\n\n\n\n<h2>XII Funkcionalnost i osnovne zna\u010dajke Aplikacije <\/h2>\n\n\n\n<p>Aplikacija prvog dana u mjesecu za teku\u0107i mjesec automatski generira i po predlo\u0161ku unaprijed popunjava tablice evidencija radnog vremena svakog radnika. Takve popunjene evidencije radnog vremena informativnog su karaktera te slu\u017ee samo kao pomo\u0107 pri vo\u0111enju evidencije radnog vremena radnika sukladno pozitivnim propisima Republike Hrvatske.<\/p>\n\n\n\n<p>Aplikacija na temelju evidencije radnog vremena svih zaposlenika koju vodi Korisnik izra\u0111uje rekapitulaciju radnih sati za prethodni mjesec, a koja slu\u017ei kao podloga za izra\u010dun obra\u010duna pla\u0107e svih radnika.<\/p>\n\n\n\n<p>Aplikacija Korisniku pru\u017ea dva potrebna dokumenta za pojedini mjesec &#8211; evidenciju i rekapitulaciju radnog vremena.<\/p>\n\n\n\n<h2>XIII Otkaz i raskid <\/h2>\n\n\n\n<p>Ugovor o kori\u0161tenju aplikacije prestaje istekom ugovorenog perioda.<\/p>\n\n\n\n<p>Ako se Korisnik ne pridr\u017eava Op\u0107ih uvjeta ili ako pru\u017eatelju usluge po dospije\u0107u ne plati naknadu za kori\u0161tenje Aplikacije, pru\u017eatelj zadr\u017eava pravo onemogu\u0107iti Korisniku kori\u0161tenje Aplikacije bez prethodne najave, s u\u010dinkom trenutnog raskida ugovora na \u0161tetu Korisnika. Po naknadnom pla\u0107anju pru\u017eatelj usluge mo\u017ee Korisniku omogu\u0107iti ponovno kori\u0161tenje Aplikacije.<\/p>\n\n\n\n<p>U slu\u010daju raskida ugovora, naknade za kori\u0161tenje koje su prethodno pla\u0107ene, pru\u017eatelj usluge nema obavezu vratiti.<\/p>\n\n\n\n<h2>XIV Suglasnost s izmjenama Op\u0107ih uvjeta <\/h2>\n\n\n\n<p>Pru\u017eatelj usluge zadr\u017eava pravo naknadne izmjene i\/ili dopune Op\u0107ih uvjeta o \u010demu je du\u017ean obavijestiti Korisnika emailom, putem obavijesti pri kori\u0161tenju Aplikacije ili na drugi prikladan na\u010din.<\/p>\n\n\n\n<p>Smatra se da je Korisnik pristao na izmjene i\/ili dopune Op\u0107ih uvjeta ako u roku od 8 dana od kada je obavije\u0161ten ne otka\u017ee kori\u0161tenje Aplikacije.<\/p>\n\n\n\n<h2>XV Rje\u0161avanje sporova <\/h2>\n\n\n\n<p>Pru\u017eatelj usluge i Korisnik su suglasni da \u0107e mirno rije\u0161iti sve sporove proiza\u0161le iz ugovora, a ako to nije mogu\u0107e, nadle\u017ean je stvarno nadle\u017eni sud u Vara\u017edinu.<\/p>\n\n\n\n<p>Ovi Op\u0107i uvjeti poslovanja primjenjuju se od 11.2.2013. godine.<\/p>\n","protected":false},"excerpt":{"rendered":"<p>I Uvodne odredbe Ovim Op\u0107im uvjetima trgova\u010dkog dru\u0161tva FLOA d.o.o. (dalje u tekstu: Op\u0107i uvjeti) utvr\u0111uju se sadr\u017eaj i uvjeti kori\u0161tenja internetske aplikacije Online evidencija (dalje u tekstu: Aplikacija) te prava i obveze Korisnika Aplikacije. Online prijavom na internetskoj stranici &#8230;<\/p>\n","protected":false},"author":5,"featured_media":0,"parent":0,"menu_order":0,"comment_status":"closed","ping_status":"closed","template":"","meta":[],"yoast_head":"<!-- This site is optimized with the Yoast SEO plugin v15.8 - https:\/\/yoast.com\/wordpress\/plugins\/seo\/ -->\n<title>Op\u0107i uvjeti kori\u0161tenja - Radni Sati Staging<\/title>\n<meta name=\"robots\" content=\"noindex, follow, max-snippet:-1, max-image-preview:large, max-video-preview:-1\" \/>\n<meta property=\"og:locale\" content=\"en_US\" \/>\n<meta property=\"og:type\" content=\"article\" \/>\n<meta property=\"og:title\" content=\"Op\u0107i uvjeti kori\u0161tenja - Radni Sati Staging\" \/>\n<meta property=\"og:description\" content=\"I Uvodne odredbe Ovim Op\u0107im uvjetima trgova\u010dkog dru\u0161tva FLOA d.o.o. (dalje u tekstu: Op\u0107i uvjeti) utvr\u0111uju se sadr\u017eaj i uvjeti kori\u0161tenja internetske aplikacije Online evidencija (dalje u tekstu: Aplikacija) te prava i obveze Korisnika Aplikacije. Online prijavom na internetskoj stranici ...\" \/>\n<meta property=\"og:url\" content=\"https:\/\/floa.com.hr\/evr-qa\/opci-uvjeti-koristenja\/\" \/>\n<meta property=\"og:site_name\" content=\"Radni Sati Staging\" \/>\n<meta property=\"article:modified_time\" content=\"2020-05-18T10:17:16+00:00\" \/>\n<meta name=\"twitter:card\" content=\"summary_large_image\" \/>\n<meta name=\"twitter:label1\" content=\"Est. reading time\">\n\t<meta name=\"twitter:data1\" content=\"11 minutes\">\n<script type=\"application\/ld+json\" class=\"yoast-schema-graph\">{\"@context\":\"https:\/\/schema.org\",\"@graph\":[{\"@type\":\"WebSite\",\"@id\":\"https:\/\/floa.com.hr\/evr-qa\/#website\",\"url\":\"https:\/\/floa.com.hr\/evr-qa\/\",\"name\":\"Radni Sati Staging\",\"description\":\"Just another WordPress site\",\"potentialAction\":[{\"@type\":\"SearchAction\",\"target\":\"https:\/\/floa.com.hr\/evr-qa\/?s={search_term_string}\",\"query-input\":\"required name=search_term_string\"}],\"inLanguage\":\"en-US\"},{\"@type\":\"WebPage\",\"@id\":\"https:\/\/floa.com.hr\/evr-qa\/opci-uvjeti-koristenja\/#webpage\",\"url\":\"https:\/\/floa.com.hr\/evr-qa\/opci-uvjeti-koristenja\/\",\"name\":\"Op\\u0107i uvjeti kori\\u0161tenja - Radni Sati Staging\",\"isPartOf\":{\"@id\":\"https:\/\/floa.com.hr\/evr-qa\/#website\"},\"datePublished\":\"2020-05-18T10:17:15+00:00\",\"dateModified\":\"2020-05-18T10:17:16+00:00\",\"breadcrumb\":{\"@id\":\"https:\/\/floa.com.hr\/evr-qa\/opci-uvjeti-koristenja\/#breadcrumb\"},\"inLanguage\":\"en-US\",\"potentialAction\":[{\"@type\":\"ReadAction\",\"target\":[\"https:\/\/floa.com.hr\/evr-qa\/opci-uvjeti-koristenja\/\"]}]},{\"@type\":\"BreadcrumbList\",\"@id\":\"https:\/\/floa.com.hr\/evr-qa\/opci-uvjeti-koristenja\/#breadcrumb\",\"itemListElement\":[{\"@type\":\"ListItem\",\"position\":1,\"item\":{\"@type\":\"WebPage\",\"@id\":\"https:\/\/floa.com.hr\/evr-qa\/\",\"url\":\"https:\/\/floa.com.hr\/evr-qa\/\",\"name\":\"Home\"}},{\"@type\":\"ListItem\",\"position\":2,\"item\":{\"@type\":\"WebPage\",\"@id\":\"https:\/\/floa.com.hr\/evr-qa\/opci-uvjeti-koristenja\/\",\"url\":\"https:\/\/floa.com.hr\/evr-qa\/opci-uvjeti-koristenja\/\",\"name\":\"Op\\u0107i uvjeti kori\\u0161tenja\"}}]}]}<\/script>\n<!-- \/ Yoast SEO plugin. -->","_links":{"self":[{"href":"https:\/\/floa.com.hr\/evr-qa\/wp-json\/wp\/v2\/pages\/660"}],"collection":[{"href":"https:\/\/floa.com.hr\/evr-qa\/wp-json\/wp\/v2\/pages"}],"about":[{"href":"https:\/\/floa.com.hr\/evr-qa\/wp-json\/wp\/v2\/types\/page"}],"author":[{"embeddable":true,"href":"https:\/\/floa.com.hr\/evr-qa\/wp-json\/wp\/v2\/users\/5"}],"replies":[{"embeddable":true,"href":"https:\/\/floa.com.hr\/evr-qa\/wp-json\/wp\/v2\/comments?post=660"}],"version-history":[{"count":7,"href":"https:\/\/floa.com.hr\/evr-qa\/wp-json\/wp\/v2\/pages\/660\/revisions"}],"predecessor-version":[{"id":667,"href":"https:\/\/floa.com.hr\/evr-qa\/wp-json\/wp\/v2\/pages\/660\/revisions\/667"}],"wp:attachment":[{"href":"https:\/\/floa.com.hr\/evr-qa\/wp-json\/wp\/v2\/media?parent=660"}],"curies":[{"name":"wp","href":"https:\/\/api.w.org\/{rel}","templated":true}]}}