{"id":892,"date":"2020-06-02T06:59:14","date_gmt":"2020-06-02T06:59:14","guid":{"rendered":"https:\/\/floa.com.hr\/evr-qa\/?page_id=892"},"modified":"2021-02-11T08:47:07","modified_gmt":"2021-02-11T08:47:07","slug":"gradevinske-tvrtke","status":"publish","type":"page","link":"https:\/\/floa.com.hr\/evr-qa\/gradevinske-tvrtke\/","title":{"rendered":"Evidencija radnog vremena za gra\u0111evinske tvrtke"},"content":{"rendered":"<div id=\"list-image-block_5edde329ceb71\" class=\"custom-block list-image-block\">\n  <div class=\"list-image list-image--layout_alpha\">\n    <div class=\"container\">\n      <div class=\"row no-gutters\">\n        <div class=\"col-md-6\">\n          <div class=\"list-image__content\">\n            <h2 class=\"list-image__title\">Evidencija rada za gra\u0111evinske tvrtke<\/h2>\n                          <ul class=\"list-image__list\">\n                                  <li>\n                    <img src=\"https:\/\/floa.com.hr\/evr-qa\/wp-content\/themes\/radnisati\/assets\/img\/icon-list.svg\" alt=\"\">\n                    <span>Brzo i jednostavno vo\u0111enje evidencije<\/span>\n                  <\/li>\n                                  <li>\n                    <img src=\"https:\/\/floa.com.hr\/evr-qa\/wp-content\/themes\/radnisati\/assets\/img\/icon-list.svg\" alt=\"\">\n                    <span>Dnevna kontrola radnika po gradili\u0161tima<\/span>\n                  <\/li>\n                              <\/ul>\n            \n                          <div class=\"list-image__button\">\n                  <a href=\"https:\/\/app-qa.floa.com.hr\/index.php\/site\/register\" class=\"btn btn--primary\">Isprobaj besplatno<\/a>\n              <\/div>\n            \n          <\/div>\n        <\/div>\n        <div class=\"col-md-6\">\n          <div class=\"list-image__image\">\n                              <img width=\"595\" height=\"348\" src=\"https:\/\/floa.com.hr\/evr-qa\/wp-content\/uploads\/2021\/01\/12345.png\" class=\"attachment-full size-full\" alt=\"\" srcset=\"https:\/\/floa.com.hr\/evr-qa\/wp-content\/uploads\/2021\/01\/12345.png 595w, https:\/\/floa.com.hr\/evr-qa\/wp-content\/uploads\/2021\/01\/12345-300x175.png 300w, https:\/\/floa.com.hr\/evr-qa\/wp-content\/uploads\/2021\/01\/12345-20x12.png 20w\" sizes=\"(max-width: 595px) 100vw, 595px\" \/>                        <\/div>\n        <\/div>\n      <\/div>\n    <\/div>\n  <\/div>\n<\/div>\n\n\n<div id=\"info-block_5ed5f88cba579\" class=\"custom-block info-block--fullwidth\">\n  <div class=\"info info--dark\">\n    <div class=\"container\">\n      <div class=\"row no-gutters\">\n        <div class=\"col-12\">\n          <div class=\"site-info  \">\n            <div class=\"site-info__content\">\n                              <div class=\"site-info__title\">\n                  Izbjegnite <span style=\"color: #CF4C4C\">visoke kazne<\/span> aplikacijom Online evidencija                <\/div>\n              \n                              <div class=\"site-info__text\">\n                  Zakon o radu (\u010dlanak 229.) odre\u0111uje visoke prekr\u0161ajne kazne za poslodavce koji ne vode evidenciju o radnicima i o radnom vremenu ili istu ne vode na propisan na\u010din. Za pravnu osobu propisana je <span style=\"color: #CF4C4C\">nov\u010dana kazna od 61.000 do 100.000 kuna<\/span>, a za odgovornu osobu u pravnoj osobi od 7.000 do 10.000 kuna.                <\/div>\n                          <\/div>\n            \n                      <\/div>\n\n        <\/div>\n      <\/div>\n    <\/div>\n  <\/div>\n<\/div>\n\n\n<div id=\"list-image-block_5edde4a0ceb73\" class=\"custom-block list-image-block\">\n  <div class=\"list-image list-image--layout_beta\">\n    <div class=\"container\">\n      <div class=\"row no-gutters\">\n        <div class=\"col-md-6\">\n          <div class=\"list-image__content\">\n            <h2 class=\"list-image__title\">Dnevna kontrola radnika<\/h2>\n                          <ul class=\"list-image__list\">\n                                  <li>\n                    <img src=\"https:\/\/floa.com.hr\/evr-qa\/wp-content\/themes\/radnisati\/assets\/img\/icon-list.svg\" alt=\"\">\n                    <span>Dnevni unos evidencije po gradili\u0161tima<\/span>\n                  <\/li>\n                                  <li>\n                    <img src=\"https:\/\/floa.com.hr\/evr-qa\/wp-content\/themes\/radnisati\/assets\/img\/icon-list.svg\" alt=\"\">\n                    <span>Podr\u0161ka za unos terenskih dodataka<\/span>\n                  <\/li>\n                                  <li>\n                    <img src=\"https:\/\/floa.com.hr\/evr-qa\/wp-content\/themes\/radnisati\/assets\/img\/icon-list.svg\" alt=\"\">\n                    <span>Pregled stanja na terenu u realnom vremenu<\/span>\n                  <\/li>\n                              <\/ul>\n            \n            \n          <\/div>\n        <\/div>\n        <div class=\"col-md-6\">\n          <div class=\"list-image__image\">\n                              <img width=\"838\" height=\"545\" src=\"https:\/\/floa.com.hr\/evr-qa\/wp-content\/uploads\/2020\/07\/GRWP.png\" class=\"attachment-full size-full\" alt=\"\" srcset=\"https:\/\/floa.com.hr\/evr-qa\/wp-content\/uploads\/2020\/07\/GRWP.png 838w, https:\/\/floa.com.hr\/evr-qa\/wp-content\/uploads\/2020\/07\/GRWP-300x195.png 300w, https:\/\/floa.com.hr\/evr-qa\/wp-content\/uploads\/2020\/07\/GRWP-768x499.png 768w, https:\/\/floa.com.hr\/evr-qa\/wp-content\/uploads\/2020\/07\/GRWP-20x13.png 20w\" sizes=\"(max-width: 838px) 100vw, 838px\" \/>                        <\/div>\n        <\/div>\n      <\/div>\n    <\/div>\n  <\/div>\n<\/div>\n\n\n<div id=\"list-image-block_5ed5ff8fba57a\" class=\"custom-block list-image-block\">\n  <div class=\"list-image list-image--layout_alpha\">\n    <div class=\"container\">\n      <div class=\"row no-gutters\">\n        <div class=\"col-md-6\">\n          <div class=\"list-image__content\">\n            <h2 class=\"list-image__title\">Pregled po gradili\u0161tima<\/h2>\n                          <ul class=\"list-image__list\">\n                                  <li>\n                    <img src=\"https:\/\/floa.com.hr\/evr-qa\/wp-content\/themes\/radnisati\/assets\/img\/icon-list.svg\" alt=\"\">\n                    <span>Dnevna evidencija radnog vremena po gradili\u0161tima<\/span>\n                  <\/li>\n                                  <li>\n                    <img src=\"https:\/\/floa.com.hr\/evr-qa\/wp-content\/themes\/radnisati\/assets\/img\/icon-list.svg\" alt=\"\">\n                    <span>Svaki voditelj zadu\u017een je za svoje gradili\u0161te<\/span>\n                  <\/li>\n                                  <li>\n                    <img src=\"https:\/\/floa.com.hr\/evr-qa\/wp-content\/themes\/radnisati\/assets\/img\/icon-list.svg\" alt=\"\">\n                    <span>Dodavanje i arhiviranje gradili\u0161ta te njihovih voditelja<\/span>\n                  <\/li>\n                                  <li>\n                    <img src=\"https:\/\/floa.com.hr\/evr-qa\/wp-content\/themes\/radnisati\/assets\/img\/icon-list.svg\" alt=\"\">\n                    <span>Posebna izvje\u0161\u0107a za svako gradili\u0161te<\/span>\n                  <\/li>\n                              <\/ul>\n            \n            \n          <\/div>\n        <\/div>\n        <div class=\"col-md-6\">\n          <div class=\"list-image__image\">\n                              <img width=\"904\" height=\"534\" src=\"https:\/\/floa.com.hr\/evr-qa\/wp-content\/uploads\/2020\/07\/GRWP3.png\" class=\"attachment-full size-full\" alt=\"\" srcset=\"https:\/\/floa.com.hr\/evr-qa\/wp-content\/uploads\/2020\/07\/GRWP3.png 904w, https:\/\/floa.com.hr\/evr-qa\/wp-content\/uploads\/2020\/07\/GRWP3-300x177.png 300w, https:\/\/floa.com.hr\/evr-qa\/wp-content\/uploads\/2020\/07\/GRWP3-768x454.png 768w, https:\/\/floa.com.hr\/evr-qa\/wp-content\/uploads\/2020\/07\/GRWP3-20x12.png 20w\" sizes=\"(max-width: 904px) 100vw, 904px\" \/>                        <\/div>\n        <\/div>\n      <\/div>\n    <\/div>\n  <\/div>\n<\/div>\n\n\n<div id=\"list-image-block_5ed6013aba585\" class=\"custom-block list-image-block\">\n  <div class=\"list-image list-image--layout_beta\">\n    <div class=\"container\">\n      <div class=\"row no-gutters\">\n        <div class=\"col-md-6\">\n          <div class=\"list-image__content\">\n            <h2 class=\"list-image__title\">Detaljna mjese\u010dna izvje\u0161\u0107a<\/h2>\n                          <ul class=\"list-image__list\">\n                                  <li>\n                    <img src=\"https:\/\/floa.com.hr\/evr-qa\/wp-content\/themes\/radnisati\/assets\/img\/icon-list.svg\" alt=\"\">\n                    <span>Automatski izra\u010dun iz mjese\u010dnih tablica evidencije<\/span>\n                  <\/li>\n                                  <li>\n                    <img src=\"https:\/\/floa.com.hr\/evr-qa\/wp-content\/themes\/radnisati\/assets\/img\/icon-list.svg\" alt=\"\">\n                    <span>Izvje\u0161\u0107e o potro\u0161enim satima na gradili\u0161tu<\/span>\n                  <\/li>\n                                  <li>\n                    <img src=\"https:\/\/floa.com.hr\/evr-qa\/wp-content\/themes\/radnisati\/assets\/img\/icon-list.svg\" alt=\"\">\n                    <span>Pojedina\u010dna ili skupna evidencija o radnom vremenu<\/span>\n                  <\/li>\n                                  <li>\n                    <img src=\"https:\/\/floa.com.hr\/evr-qa\/wp-content\/themes\/radnisati\/assets\/img\/icon-list.svg\" alt=\"\">\n                    <span>Pregled iskori\u0161tenog i prestalog godi\u0161njeg odmora<\/span>\n                  <\/li>\n                              <\/ul>\n            \n            \n          <\/div>\n        <\/div>\n        <div class=\"col-md-6\">\n          <div class=\"list-image__image\">\n                              <img width=\"906\" height=\"534\" src=\"https:\/\/floa.com.hr\/evr-qa\/wp-content\/uploads\/2020\/07\/GRWP4.png\" class=\"attachment-full size-full\" alt=\"\" srcset=\"https:\/\/floa.com.hr\/evr-qa\/wp-content\/uploads\/2020\/07\/GRWP4.png 906w, https:\/\/floa.com.hr\/evr-qa\/wp-content\/uploads\/2020\/07\/GRWP4-300x177.png 300w, https:\/\/floa.com.hr\/evr-qa\/wp-content\/uploads\/2020\/07\/GRWP4-768x453.png 768w, https:\/\/floa.com.hr\/evr-qa\/wp-content\/uploads\/2020\/07\/GRWP4-20x12.png 20w\" sizes=\"(max-width: 906px) 100vw, 906px\" \/>                        <\/div>\n        <\/div>\n      <\/div>\n    <\/div>\n  <\/div>\n<\/div>\n\n\n<div id=\"call-to-action-block_5f1aabb635783\" class=\"custom-block call-to-action-block\">\n  <div class=\"call-to-action\">\n    <div class=\"container\">\n      <div class=\"call-to-action__inner\">\n        <div class=\"call-to-action__buttons\">\n                                    <a href=\"https:\/\/app-qa.floa.com.hr\/index.php\/site\/register\" class=\"btn btn--tertiary \">\n                <span>\n                  \n                  \u017delim probati                <\/span>\n              <\/a>\n                              <\/div>\n        <div class=\"call-to-action__title\">\n          <span>Registriraj se i isprobaj aplikaciju 30 dana besplatno.<\/span>\n        <\/div>\n      <\/div>\n    <\/div>\n  <\/div>\n<\/div>\n\n\n\n<h2>Kontaktirajte nas<\/h2>\n\n\n\n<p>Nazovite nas na&nbsp;<strong>042 550 791<\/strong> ili nam se javite preko kontakt forme<\/p>\n\n\n<div role=\"form\" class=\"wpcf7\" id=\"wpcf7-f179-o1\" lang=\"en-US\" dir=\"ltr\">\n<div class=\"screen-reader-response\" role=\"alert\" aria-live=\"polite\"><\/div>\n<form action=\"\/evr-qa\/wp-json\/wp\/v2\/pages\/892#wpcf7-f179-o1\" method=\"post\" class=\"wpcf7-form init\" novalidate=\"novalidate\">\n<div style=\"display: none;\">\n<input type=\"hidden\" name=\"_wpcf7\" value=\"179\" \/>\n<input type=\"hidden\" name=\"_wpcf7_version\" value=\"5.2.2\" \/>\n<input type=\"hidden\" name=\"_wpcf7_locale\" value=\"en_US\" \/>\n<input type=\"hidden\" name=\"_wpcf7_unit_tag\" value=\"wpcf7-f179-o1\" \/>\n<input type=\"hidden\" name=\"_wpcf7_container_post\" value=\"0\" \/>\n<input type=\"hidden\" name=\"_wpcf7_posted_data_hash\" value=\"\" \/>\n<\/div>\n<div class=\"app-form__fields\">\n<div class=\"form-input-group\">\n<div class=\"form-input form-input--block\">\n      <label for=\"your-name\"><span class=\"form-input__label\">Va\u0161e ime*<\/span><\/label><span class=\"wpcf7-form-control-wrap your-name\"><input type=\"text\" name=\"your-name\" value=\"\" size=\"40\" class=\"wpcf7-form-control wpcf7-text wpcf7-validates-as-required\" id=\"your-name\" aria-required=\"true\" aria-invalid=\"false\" \/><\/span>\n    <\/div>\n<div class=\"form-input form-input--block\">\n      <label for=\"your-email\"><span class=\"form-input__label\">Email adresa*<\/span><\/label><span class=\"wpcf7-form-control-wrap your-email\"><input type=\"email\" name=\"your-email\" value=\"\" size=\"40\" class=\"wpcf7-form-control wpcf7-text wpcf7-email wpcf7-validates-as-required wpcf7-validates-as-email\" id=\"your-email\" aria-required=\"true\" aria-invalid=\"false\" \/><\/span>\n    <\/div>\n<\/p><\/div>\n<div class=\"form-input form-input--block\">\n      <label for=\"your-orgName\"><span class=\"form-input__label\">Naziv organizacije*<\/span><\/label><span class=\"wpcf7-form-control-wrap your-orgName\"><input type=\"text\" name=\"your-orgName\" value=\"\" size=\"40\" class=\"wpcf7-form-control wpcf7-text wpcf7-validates-as-required\" id=\"your-orgName\" aria-required=\"true\" aria-invalid=\"false\" \/><\/span>\n    <\/div>\n<div class=\"form-input form-input--block\">\n    <label for=\"your-message\"><span class=\"form-input__label\">Va\u0161a poruka<\/span><\/label><span class=\"wpcf7-form-control-wrap your-message\"><textarea name=\"your-message\" cols=\"40\" rows=\"10\" class=\"wpcf7-form-control wpcf7-textarea wpcf7-validates-as-required\" id=\"your-message\" aria-required=\"true\" aria-invalid=\"false\"><\/textarea><\/span>\n  <\/div>\n<\/div>\n<div class=\"form-response\">\n<input type=\"submit\" name=\"\" class=\"btn btn--primary btn--submit\" value=\"Po\u0161alji upit\"><\/p>\n<div class=\"form-response__loading\">\n<div class=\"btn btn--primary\"><\/div>\n<\/p><\/div>\n<div class=\"form-response__success\">\n    <a href=\"#\" class=\"btn btn--tertiary btn--icon-svg js-form-reset\"><span>Poslano<svg width=\"24\" height=\"24\" viewBox=\"0 0 24 24\" fill=\"none\" xmlns=\"http:\/\/www.w3.org\/2000\/svg\">\n<path fill-rule=\"evenodd\" clip-rule=\"evenodd\" d=\"M9.00016 16.17L4.83016 12L3.41016 13.41L9.00016 19L21.0002 7.00003L19.5902 5.59003L9.00016 16.17Z\" fill=\"white\"\/><\/svg><br \/>\n      <\/span><\/a><a href=\"#\" class=\"btn btn--primary js-form-reset\">Po\u0161alji drugi upit<\/a><\/p><\/div>\n<\/div>\n<div class=\"wpcf7-response-output\" role=\"alert\" aria-hidden=\"true\"><\/div><\/form><\/div>\n","protected":false},"excerpt":{"rendered":"<p>Kontaktirajte nas Nazovite nas na&nbsp;042 550 791 ili nam se javite preko kontakt forme<\/p>\n","protected":false},"author":5,"featured_media":0,"parent":0,"menu_order":0,"comment_status":"closed","ping_status":"closed","template":"t-fullwidth.php","meta":[],"yoast_head":"<!-- This site is optimized with the Yoast SEO plugin v15.8 - https:\/\/yoast.com\/wordpress\/plugins\/seo\/ -->\n<title>Evidencija radnog vremena za gra\u0111evinske tvrtke - Radni Sati Staging<\/title>\n<meta name=\"robots\" content=\"noindex, follow, max-snippet:-1, max-image-preview:large, max-video-preview:-1\" \/>\n<meta property=\"og:locale\" content=\"en_US\" \/>\n<meta property=\"og:type\" content=\"article\" \/>\n<meta property=\"og:title\" content=\"Evidencija radnog vremena za gra\u0111evinske tvrtke - Radni Sati Staging\" \/>\n<meta property=\"og:description\" content=\"Kontaktirajte nas Nazovite nas na&nbsp;042 550 791 ili nam se javite preko kontakt forme\" \/>\n<meta property=\"og:url\" content=\"https:\/\/floa.com.hr\/evr-qa\/gradevinske-tvrtke\/\" \/>\n<meta property=\"og:site_name\" content=\"Radni Sati Staging\" \/>\n<meta property=\"article:modified_time\" content=\"2021-02-11T08:47:07+00:00\" \/>\n<meta name=\"twitter:card\" content=\"summary_large_image\" \/>\n<script type=\"application\/ld+json\" class=\"yoast-schema-graph\">{\"@context\":\"https:\/\/schema.org\",\"@graph\":[{\"@type\":\"WebSite\",\"@id\":\"https:\/\/floa.com.hr\/evr-qa\/#website\",\"url\":\"https:\/\/floa.com.hr\/evr-qa\/\",\"name\":\"Radni Sati Staging\",\"description\":\"Just another WordPress site\",\"potentialAction\":[{\"@type\":\"SearchAction\",\"target\":\"https:\/\/floa.com.hr\/evr-qa\/?s={search_term_string}\",\"query-input\":\"required name=search_term_string\"}],\"inLanguage\":\"en-US\"},{\"@type\":\"WebPage\",\"@id\":\"https:\/\/floa.com.hr\/evr-qa\/gradevinske-tvrtke\/#webpage\",\"url\":\"https:\/\/floa.com.hr\/evr-qa\/gradevinske-tvrtke\/\",\"name\":\"Evidencija radnog vremena za gra\\u0111evinske tvrtke - Radni Sati Staging\",\"isPartOf\":{\"@id\":\"https:\/\/floa.com.hr\/evr-qa\/#website\"},\"datePublished\":\"2020-06-02T06:59:14+00:00\",\"dateModified\":\"2021-02-11T08:47:07+00:00\",\"breadcrumb\":{\"@id\":\"https:\/\/floa.com.hr\/evr-qa\/gradevinske-tvrtke\/#breadcrumb\"},\"inLanguage\":\"en-US\",\"potentialAction\":[{\"@type\":\"ReadAction\",\"target\":[\"https:\/\/floa.com.hr\/evr-qa\/gradevinske-tvrtke\/\"]}]},{\"@type\":\"BreadcrumbList\",\"@id\":\"https:\/\/floa.com.hr\/evr-qa\/gradevinske-tvrtke\/#breadcrumb\",\"itemListElement\":[{\"@type\":\"ListItem\",\"position\":1,\"item\":{\"@type\":\"WebPage\",\"@id\":\"https:\/\/floa.com.hr\/evr-qa\/\",\"url\":\"https:\/\/floa.com.hr\/evr-qa\/\",\"name\":\"Home\"}},{\"@type\":\"ListItem\",\"position\":2,\"item\":{\"@type\":\"WebPage\",\"@id\":\"https:\/\/floa.com.hr\/evr-qa\/gradevinske-tvrtke\/\",\"url\":\"https:\/\/floa.com.hr\/evr-qa\/gradevinske-tvrtke\/\",\"name\":\"Evidencija radnog vremena za gra\\u0111evinske tvrtke\"}}]}]}<\/script>\n<!-- \/ Yoast SEO plugin. -->","_links":{"self":[{"href":"https:\/\/floa.com.hr\/evr-qa\/wp-json\/wp\/v2\/pages\/892"}],"collection":[{"href":"https:\/\/floa.com.hr\/evr-qa\/wp-json\/wp\/v2\/pages"}],"about":[{"href":"https:\/\/floa.com.hr\/evr-qa\/wp-json\/wp\/v2\/types\/page"}],"author":[{"embeddable":true,"href":"https:\/\/floa.com.hr\/evr-qa\/wp-json\/wp\/v2\/users\/5"}],"replies":[{"embeddable":true,"href":"https:\/\/floa.com.hr\/evr-qa\/wp-json\/wp\/v2\/comments?post=892"}],"version-history":[{"count":84,"href":"https:\/\/floa.com.hr\/evr-qa\/wp-json\/wp\/v2\/pages\/892\/revisions"}],"predecessor-version":[{"id":1262,"href":"https:\/\/floa.com.hr\/evr-qa\/wp-json\/wp\/v2\/pages\/892\/revisions\/1262"}],"wp:attachment":[{"href":"https:\/\/floa.com.hr\/evr-qa\/wp-json\/wp\/v2\/media?parent=892"}],"curies":[{"name":"wp","href":"https:\/\/api.w.org\/{rel}","templated":true}]}}