{"id":173,"date":"2019-10-08T15:41:15","date_gmt":"2019-10-08T15:41:15","guid":{"rendered":"https:\/\/floa.com.hr\/evr-dev\/?page_id=173"},"modified":"2019-10-08T15:41:31","modified_gmt":"2019-10-08T15:41:31","slug":"pravila-privatnosti","status":"publish","type":"page","link":"https:\/\/floa.com.hr\/evr-wp-dev\/pravila-privatnosti\/","title":{"rendered":"Izjava o privatnosti i za\u0161titi podataka"},"content":{"rendered":"\n<h2>I Op\u0107e informacije <\/h2>\n\n\n\n<p> Tvrtka Floa d.o.o. sa sjedi\u0161tem u Vara\u017edinu, Josipa Kozarca 20, 42000 Vara\u017edin, OIB: 28753835270 (u daljnjem tekstu Davatelj usluge) na temelju \u010dlanka 40. Uredbe (EU) 2016\/679 Europskog parlamenta i vije\u0107a od 27. travnja 2016. o za\u0161titi pojedinaca u vezi s obradom osobnih podataka i o slobodnom kretanju takvih podataka te o stavljanju izvan snage Direktive 95\/46\/EZ (Slu\u017ebeni list Europske unije L 119, 4.5.2016., str. 1.), Zakona o provedbi Op\u0107e uredbe o za\u0161titi podataka (Narodne novine broj 42\/18) od korisnika internetske aplikacije Online evidencija (u daljnjem tekstu Korisnik te Aplikacija) prikuplja i obra\u0111uje osobne podatke u skladu s ovom Izjavom o privatnosti i za\u0161titi podataka (u daljnjem tekstu Izjava o privatnosti).<br>Prikupljanje, obrada i uporaba podataka provode se u skladu sa svim propisima o za\u0161titi podataka. Davatelj usluge osigurava zakonitu i transparentnu obradu podataka, te daje korisnicima Aplikacije kontrolu i pregled njihovih osobnih podataka. <\/p>\n\n\n\n<h2>II Vrsta osobnih podataka <\/h2>\n\n\n\n<p> Davatelj usluge prikuplja podatake pravne osobe Korisnika s kojom je sklopljen ugovor o kori\u0161tenju Aplikacije, osobne podatke fizi\u010dke osobe Korisnika kojima su dodijeljenje \u0161ifre za pristup Aplikaciji, te osobne podatke o zaposenicima i drugim osobama za koje je zakonom propisana obaveza vo\u0111enja evidencije radnika i radnog vremena prema va\u017ee\u0107im propisima i pravilnicima.<br>Od pravne osobe Korisnika Davatelj usluge prikuplja podatke poput naziva, adrese, emaila, OIB-a te ostale podatke koji su potrebni za sklapanje ugovora o kori\u0161tenju Aplikacije.<br>Od fizi\u010dke osobe Korisnika kojima je dodijeljen pristup Aplikaciji Davatelj usluge prikuplja osobne podatke poput imena, prezimena, email adrese, te mo\u017eebitne druge podatke koji su potrebni za rad Aplikacije.<br>Korisnik usluge daje na uporabu, a Davatelj usluge upotrebljava podatke o djelatnicima pravne osobe Korisnika te ostalim osobama za koje je Korisnik du\u017ean voditi evidenciju radnika i radnog vremena. Korisnik se obvezuje da \u0107e Davatelju usluge predati u obradu isklju\u010divo one osobne i\/ili poslovne podatke kojima upravlja temeljem odgovaraju\u0107e zakonske osnove i\/ili na temelju zakonito pridobljene suglasnosti za obradu osobnih podataka.<br>Prijenosom datoteka i unosom podataka zaposlenika u za to predvi\u0111ena polja u Aplikaciji, Korisnik daje dopu\u0161tenje Davatelju usluge da navedene podatke upotrebljava u svrhu za koju su dani, i da te podatke preuzme u obradu i pohranu na poslu\u017eitelje Davatelja usluge. Korisnik jam\u010di, da podaci koje unosi u Aplikaciju Davatelja usluge ne kr\u0161e autorska prava tre\u0107e osobe i ne sadr\u017ee sadr\u017eaj u suprotnosti s va\u017ee\u0107im zakonodavstvom.<br>Korisnik jam\u010di da ima ovla\u0161tenje za proslije\u0111ivanje podataka ugovornom izvr\u0161itelju te da su sva uputstva Korisnika u vezi s obradom podataka temeljena na pravnoj osnovi.<br>Davatelj usluge \u0107e obra\u0111ivati podatke isklju\u010divo u skladu s uputama Korisnika.<br>U ugovornom odnosu izme\u0111u Davatelja usluge i Korisnika, Korisnik se smatra isklju\u010divim vlasnikom svih podataka koje proslije\u0111uje Davatelju usluge.<br>Davatelj usluge prikuplja podatke o ra\u010dunalu kojim se Korisnik spaja u Aplikaciju. Ovi podaci uklju\u010duju IP adresu, tip i verziju internet preglednika te vrijeme pristupa Aplikaciji. <\/p>\n\n\n\n<h2>III Na\u010din i svrha prikupljanja osobnih podataka <\/h2>\n\n\n\n<p> Davatelj usluge osobne podatke prikuplja neposredno od Korisnika prilikom sklapanja i izvr\u0161enja me\u0111usobnih ugovora, kao i prilikom radnji koje prethode sklapanju ugovora (ponude, upiti i bilo kakvi zahtjevi Davatelju usluge). Nadalje, osobne\/poslovne podatke Davatelj usluge prikuplja i kada nam ih Korisnik stavi na raspolaganje Davatelju usluge npr. u okviru registracije Korisnika Aplikacije, putem ispunjavanja obrazaca ili slanjem elektroni\u010dke po\u0161te, te u sli\u010dnim situacijama u kojim Korisnik samostalno odabere dostaviti osobne podatke Davatelju usluge.<br>Davatelj usluge podatke Korisnika obra\u0111uje i koristi u svrhe i na temelju osnove za koju su isti prikupljeni, kao i radi izvr\u0161enja zakonskih ili pravnih obveza tvrtke.<br>Korisnik je du\u017ean pravovremeno obavijestiti Davatelja usluge o promjeni vlastitih osobnih podataka. <\/p>\n\n\n\n<h2>IV Vremenski period pohranjivanja podataka i njihovo dijeljenje tre\u0107im osobama <\/h2>\n\n\n\n<p> Davatelj usluge pohranjuje osobne podatke samo dok su potrebni u svrhe u koje su prikupljeni, odnosno u svrhu ispunjenja ugovornog odnosa ili zakonskih obveza.<br>Podaci se bri\u0161u po prestanku ugovornog odnosa, a najkasnije po isteku svih zakonskih obveza pohranjivanja, osim u slu\u010daju pokretanja sudskog ili sli\u010dnog postupka koji zahtjeva \u010duvanje podataka.<br>Po isteku rokova pohrane, Davatelj usluge uklanja prikupljene osobne podatke iz sustava i arhiva ili ih pretvara u anonimne podatke na temelju kojih nije mogu\u0107e identificirati Korisnika.<br>Osobne podatke Davatelj usluge mo\u017ee dijeliti s tre\u0107im osobama isklju\u010divo u sljede\u0107im slu\u010dajevima:<br>\u00b7   ako postoji zakonska obveza ili izri\u010dito ovla\u0161tenje na temelju zakona<br>\u00b7   ako je podatke potrebno proslijediti tre\u0107im osobama radi izvr\u0161enja me\u0111usobnog ugovora<br>\u00b7   na temelju privole <\/p>\n\n\n\n<h2>V Prava Korisnika u pogledu za\u0161tite podataka <\/h2>\n\n\n\n<p> U skladu s primjenjivim zakonima o za\u0161titi osobnih podataka, Davatelj usluge koristi tehni\u010dke i organizacijske mjere za za\u0161titu osobnih podataka od neovla\u0161tenog pristupa, kori\u0161tenja, otkrivanja ili uni\u0161tavanja. Podaci na ra\u010dunalnim poslu\u017eiteljima pohranjuju se u kontroliranom, sigurnom okru\u017eenju, za\u0161ti\u0107enom od neovla\u0161tenog pristupa, upotrebe ili odavanja. Lozinka Korisnika kao i druge osjetljive informacije su kriptirane.<br>Davatelj usluge ne mo\u017ee garantirati 100% sigurnost prijenosa podataka preko interneta, web stranica, mobilnih aplikacija, ra\u010dunalnih sustava ili bilo koje druge javne mre\u017ee, te nije odgovoran za radnje bilo koje tre\u0107e strane kojoj takvi podaci postanu dostupni.<br>U odnosu na prikupljene osobne podatke kod Davatelja usluge, Korisnik ima prava:<br>\u00b7   pristupu osobnim podacima<br>\u00b7   ispravku ili dopuni podataka<br>\u00b7   \u200bbrisanju podataka (pravo na zaborav) u roku od 48 sati nakon davanja zahtjeva<br>\u00b7   ograni\u010davanju obrade<br>\u00b7   na ulaganje prigovora na obradu i na prenosivost podataka te<br>\u00b7   podno\u0161enja prigovora nadzornom tijeku u vezi obrade osobnih podataka (Agencija za za\u0161titu osobnih podataka) sve u skladu sa va\u017ee\u0107im propisima o za\u0161titi osobnih podataka.<br>Ukoliko se obrada temelji na privoli, Korisnik ima pravo u svakom trenutku povu\u0107i takvu privolu, s u\u010dinkom od dana povla\u010denja privole. <\/p>\n\n\n\n<h2>VI Automatska obrada podataka <\/h2>\n\n\n\n<p> Davatelj usluge ne provodi automatsku obradu podataka. <\/p>\n\n\n\n<h2>VII Primjena kola\u010di\u0107a te analiti\u010dkih i marketin\u0161kih alata <\/h2>\n\n\n\n<p> Aplikacija primjenjuje tzv. kola\u010di\u0107e (cookies) &#8211; tekstualne datoteke koje na ra\u010dunalo Korisnika smje\u0161ta internetski preglednik kojim se Korisnik spaja u Aplikaciju. Datoteke nastaju kada preglednik na ure\u0111aju Korisnika u\u010dita posje\u0107eno mre\u017eno odredi\u0161te, koje potom \u0161alje podatke pregledniku te izra\u0111uje tekstualnu datoteku (kola\u010di\u0107). Preglednik dohva\u0107a i \u0161alje datoteku na poslu\u017eitelja mre\u017enog odredi\u0161ta (mjesta, stranice) prilikom povratka Korisnika na njega.<br>Kola\u010di\u0107i se upotrebljavaju za funkcioniranje svih zna\u010dajki internetskih stranica i bolje korisni\u010dko iskustvo, a mogu biti privremeni (pohranjuju se samo tijekom posjeta internetskim stranicama) ili trajni (na ra\u010dunalu Korisnika ostaju pohranjeni i nakon posjeta).<br>Podaci koji se prikupljaju uklju\u010duju IP adresu Korisnika, podatke o pregledniku, jeziku, operativnom sustavu i druge standardne podatke koji se prikupljaju i analiziraju isklju\u010divo u anonimnom i masovnom obliku.<br>Za prikupljanje statisti\u010dkih podataka o kori\u0161tenju aplikacije koristimo Google Analytics, alat tvrtke Google Inc. (\u201eGoogle\u201d). Google Analytics upotrebljava \u201ekola\u010di\u0107e\u201c. Informacije o kori\u0161tenju stranice koje generiraju kola\u010di\u0107i, se prenose i spremaju na serverima tvrtke Google, koji mogu biti locirani izvan EU, te su kriptirani i anonimni. Ukoliko to \u017eeli, Korisnik mo\u017ee onemogu\u0107iti Aplikaciji prikupljanje anonimnih statisti\u010dkih podataka o kori\u0161tenju Aplikacije koriste\u0107i upute na poveznici https:\/\/tools.google.com\/dlpage\/gaoptout.<br>U svrhu marketinga Davatelj usluge povremeno koristi alat &#8220;Google AdWords&#8221; tvrtke Google Inc. (\u201eGoogle\u201d). &#8220;Google Conversion Tracking&#8221; je alat tvrtke Google, Inc. koji na ra\u010dunalu Korisnika instalira kola\u010di\u0107 ukoliko je Korisnik preko Google oglasa pristupio Aplikaciji. Ti kola\u010di\u0107i po isteku 30 dana prestaju vrijediti te su tako\u0111er anonimni. Ukoliko Korisnik koristi Aplikaciju, a kola\u010di\u0107 je jo\u0161 uvijek va\u017ee\u0107i, Google i Davatelj usluge mogu prepoznati da je klik na oglas doveo Korisnika u Aplikaciju. Uz pomo\u0107 kola\u010di\u0107a prikupljeni podaci slu\u017ee za izradu statistika o u\u010dinku marketing kampanja. Podaci o identitetu Korisnika ostaju anonimni, te nije mogu\u0107e povezati podatke prikupljene Google AdWords alatom s korisni\u010dkim podacima koje je Aplikacija prikupila od Korisnika.<br>Kola\u010di\u0107e je mogu\u0107e onemogu\u0107iti u bilo kojem trenutku, uz upozorenje da to mo\u017ee naru\u0161iti normalni rad i funkcionalnost Aplikacije. Upute za isklju\u010divanje kola\u010di\u0107a mogu\u0107e je potra\u017eiti na web stranicama internet preglednika kojeg koristi Korisnik. <\/p>\n\n\n\n<h2>VIII Izmjene izjave i privatnosti <\/h2>\n\n\n\n<p>\n\nDavatelj usluge zadr\u017eava pravo naknadne izmjene i\/ili dopune ove Izjave o privatnosti o \u010demu je du\u017ean obavijestiti Korisnika emailom, putem obavijesti pri kori\u0161tenju Aplikacije ili na drugi prikladan na\u010din.<br>Ova Izjava o privatnosti i za\u0161titi podataka primjenjuje se od 25. svibnja 2018. godine.\n\n<\/p>\n","protected":false},"excerpt":{"rendered":"<p>I Op\u0107e informacije Tvrtka Floa d.o.o. sa sjedi\u0161tem u Vara\u017edinu, Josipa Kozarca 20, 42000 Vara\u017edin, OIB: 28753835270 (u daljnjem tekstu Davatelj usluge) na temelju \u010dlanka 40. Uredbe (EU) 2016\/679 Europskog parlamenta i vije\u0107a od 27. travnja 2016. o za\u0161titi pojedinaca &#8230;<\/p>\n","protected":false},"author":1,"featured_media":0,"parent":0,"menu_order":0,"comment_status":"closed","ping_status":"closed","template":"","meta":[],"yoast_head":"<!-- This site is optimized with the Yoast SEO plugin v15.1.1 - https:\/\/yoast.com\/wordpress\/plugins\/seo\/ -->\n<title>Izjava o privatnosti i za\u0161titi podataka - Radni Sati Staging<\/title>\n<meta name=\"robots\" content=\"noindex, follow, max-snippet:-1, max-image-preview:large, max-video-preview:-1\" \/>\n<meta property=\"og:locale\" content=\"en_US\" \/>\n<meta property=\"og:type\" content=\"article\" \/>\n<meta property=\"og:title\" content=\"Izjava o privatnosti i za\u0161titi podataka - Radni Sati Staging\" \/>\n<meta property=\"og:description\" content=\"I Op\u0107e informacije Tvrtka Floa d.o.o. sa sjedi\u0161tem u Vara\u017edinu, Josipa Kozarca 20, 42000 Vara\u017edin, OIB: 28753835270 (u daljnjem tekstu Davatelj usluge) na temelju \u010dlanka 40. Uredbe (EU) 2016\/679 Europskog parlamenta i vije\u0107a od 27. travnja 2016. o za\u0161titi pojedinaca ...\" \/>\n<meta property=\"og:url\" content=\"https:\/\/floa.com.hr\/evr-wp-dev\/pravila-privatnosti\/\" \/>\n<meta property=\"og:site_name\" content=\"Radni Sati Staging\" \/>\n<meta property=\"article:modified_time\" content=\"2019-10-08T15:41:31+00:00\" \/>\n<meta name=\"twitter:card\" content=\"summary_large_image\" \/>\n<script type=\"application\/ld+json\" class=\"yoast-schema-graph\">{\"@context\":\"https:\/\/schema.org\",\"@graph\":[{\"@type\":\"WebSite\",\"@id\":\"https:\/\/floa.com.hr\/evr-wp-dev\/#website\",\"url\":\"https:\/\/floa.com.hr\/evr-wp-dev\/\",\"name\":\"Radni Sati Staging\",\"description\":\"Just another WordPress site\",\"potentialAction\":[{\"@type\":\"SearchAction\",\"target\":\"https:\/\/floa.com.hr\/evr-wp-dev\/?s={search_term_string}\",\"query-input\":\"required name=search_term_string\"}],\"inLanguage\":\"en-US\"},{\"@type\":\"WebPage\",\"@id\":\"https:\/\/floa.com.hr\/evr-wp-dev\/pravila-privatnosti\/#webpage\",\"url\":\"https:\/\/floa.com.hr\/evr-wp-dev\/pravila-privatnosti\/\",\"name\":\"Izjava o privatnosti i za\\u0161titi podataka - Radni Sati Staging\",\"isPartOf\":{\"@id\":\"https:\/\/floa.com.hr\/evr-wp-dev\/#website\"},\"datePublished\":\"2019-10-08T15:41:15+00:00\",\"dateModified\":\"2019-10-08T15:41:31+00:00\",\"inLanguage\":\"en-US\",\"potentialAction\":[{\"@type\":\"ReadAction\",\"target\":[\"https:\/\/floa.com.hr\/evr-wp-dev\/pravila-privatnosti\/\"]}]}]}<\/script>\n<!-- \/ Yoast SEO plugin. -->","_links":{"self":[{"href":"https:\/\/floa.com.hr\/evr-wp-dev\/wp-json\/wp\/v2\/pages\/173"}],"collection":[{"href":"https:\/\/floa.com.hr\/evr-wp-dev\/wp-json\/wp\/v2\/pages"}],"about":[{"href":"https:\/\/floa.com.hr\/evr-wp-dev\/wp-json\/wp\/v2\/types\/page"}],"author":[{"embeddable":true,"href":"https:\/\/floa.com.hr\/evr-wp-dev\/wp-json\/wp\/v2\/users\/1"}],"replies":[{"embeddable":true,"href":"https:\/\/floa.com.hr\/evr-wp-dev\/wp-json\/wp\/v2\/comments?post=173"}],"version-history":[{"count":1,"href":"https:\/\/floa.com.hr\/evr-wp-dev\/wp-json\/wp\/v2\/pages\/173\/revisions"}],"predecessor-version":[{"id":174,"href":"https:\/\/floa.com.hr\/evr-wp-dev\/wp-json\/wp\/v2\/pages\/173\/revisions\/174"}],"wp:attachment":[{"href":"https:\/\/floa.com.hr\/evr-wp-dev\/wp-json\/wp\/v2\/media?parent=173"}],"curies":[{"name":"wp","href":"https:\/\/api.w.org\/{rel}","templated":true}]}}