{"id":2,"date":"2019-09-30T17:39:27","date_gmt":"2019-09-30T17:39:27","guid":{"rendered":"https:\/\/floa.com.hr\/evr-dev\/?page_id=2"},"modified":"2021-01-19T11:27:22","modified_gmt":"2021-01-19T11:27:22","slug":"privatne-tvrtke","status":"publish","type":"page","link":"https:\/\/floa.com.hr\/evr-wp-dev\/privatne-tvrtke\/","title":{"rendered":"Evidencija radnog vremena za tvrtke"},"content":{"rendered":"<div id=\"hero-block_6006c0c5cb9d0\" class=\"custom-block hero-block\">\n  <div class=\"hero hero--layout_alpha\">\n    <div class=\"container\">\n      <div class=\"row\">\n        <div class=\"col-lg-6\">\n          <div class=\"hero__content\">\n            <div class=\"hero__title\">\n              <span>Evidencija radnog vremena za tvrtke<\/span>\n            <\/div>\n            <div class=\"hero__text\">\n              <span>Brzo i jednostavno vo\u0111enje evidencije u skladu sa zakonom<\/span>\n            <\/div>\n            <div class=\"hero__buttons\">\n                              <a href=\"https:\/\/www.radnisati.com\/index.php\/site\/register\" class=\"btn btn--primary\">Registriraj se<\/a>\n                              <a href=\"https:\/\/www.radnisati.com\/index.php\" class=\"btn btn--secondary\">Prijavi se<\/a>\n                          <\/div>\n          <\/div>\n        <\/div>\n        <div class=\"col-lg-6\">\n          <div class=\"hero__image\">\n                              <img width=\"418\" height=\"308\" src=\"https:\/\/floa.com.hr\/evr-wp-dev\/wp-content\/uploads\/2019\/09\/hero-illustration.png\" class=\"attachment-full size-full\" alt=\"\" srcset=\"https:\/\/floa.com.hr\/evr-wp-dev\/wp-content\/uploads\/2019\/09\/hero-illustration.png 418w, https:\/\/floa.com.hr\/evr-wp-dev\/wp-content\/uploads\/2019\/09\/hero-illustration-300x221.png 300w, https:\/\/floa.com.hr\/evr-wp-dev\/wp-content\/uploads\/2019\/09\/hero-illustration-20x15.png 20w\" sizes=\"(max-width: 418px) 100vw, 418px\" \/>                        <\/div>\n        <\/div>\n      <\/div>\n    <\/div>\n  <\/div>\n<\/div>\n\n\n<div id=\"list-image-block_5e904bb9c9621\" class=\"custom-block list-image-block\">\n  <div class=\"list-image list-image--layout_beta\">\n    <div class=\"container\">\n      <div class=\"row no-gutters\">\n        <div class=\"col-md-6\">\n          <div class=\"list-image__content\">\n            <div class=\"list-image__title\">\n              <span>Vo\u0111enje evidencije radnog vremena<\/span>\n            <\/div>\n                          <ul class=\"list-image__list\">\n                                  <li>\n                    <img src=\"https:\/\/floa.com.hr\/evr-wp-dev\/wp-content\/themes\/radnisati\/assets\/img\/icon-list.svg\" alt=\"\">\n                    <span>Automatsko evidentiranje radnog vremena<\/span>\n                  <\/li>\n                                  <li>\n                    <img src=\"https:\/\/floa.com.hr\/evr-wp-dev\/wp-content\/themes\/radnisati\/assets\/img\/icon-list.svg\" alt=\"\">\n                    <span>Dnevna evidencija kod kliznog radnog vremena<\/span>\n                  <\/li>\n                                  <li>\n                    <img src=\"https:\/\/floa.com.hr\/evr-wp-dev\/wp-content\/themes\/radnisati\/assets\/img\/icon-list.svg\" alt=\"\">\n                    <span>Podr\u017eavanje svih oblika rada: smjenski, dvokratni rad, rad na terenu, preraspodjela, turnus<\/span>\n                  <\/li>\n                                  <li>\n                    <img src=\"https:\/\/floa.com.hr\/evr-wp-dev\/wp-content\/themes\/radnisati\/assets\/img\/icon-list.svg\" alt=\"\">\n                    <span>Retroaktivno vo\u0111enje evidencije bez dodatne naplate<\/span>\n                  <\/li>\n                              <\/ul>\n            \n            \n          <\/div>\n        <\/div>\n        <div class=\"col-md-6\">\n          <div class=\"list-image__image\">\n                              <img width=\"999\" height=\"632\" src=\"https:\/\/floa.com.hr\/evr-wp-dev\/wp-content\/uploads\/2020\/05\/Turnus.-e1590484984448.png\" class=\"attachment-full size-full\" alt=\"\" srcset=\"https:\/\/floa.com.hr\/evr-wp-dev\/wp-content\/uploads\/2020\/05\/Turnus.-e1590484984448.png 999w, https:\/\/floa.com.hr\/evr-wp-dev\/wp-content\/uploads\/2020\/05\/Turnus.-e1590484984448-300x190.png 300w, https:\/\/floa.com.hr\/evr-wp-dev\/wp-content\/uploads\/2020\/05\/Turnus.-e1590484984448-768x486.png 768w, https:\/\/floa.com.hr\/evr-wp-dev\/wp-content\/uploads\/2020\/05\/Turnus.-e1590484984448-20x13.png 20w\" sizes=\"(max-width: 999px) 100vw, 999px\" \/>                        <\/div>\n        <\/div>\n      <\/div>\n    <\/div>\n  <\/div>\n<\/div>\n\n\n<div id=\"info-block_5ece3459b720d\" class=\"custom-block info-block--fullwidth\">\n  <div class=\"info info--dark\">\n    <div class=\"container\">\n      <div class=\"row no-gutters\">\n        <div class=\"col-12\">\n          <div class=\"site-info  \">\n            <div class=\"site-info__content\">\n              <div class=\"site-info__title\">\n                Izbjegnite <span style=\"color: #CF4C4C\">visoke kazne<\/span> aplikacijom Online evidencija              <\/div>\n              <div class=\"site-info__text\">\n                Zakon o radu (\u010dlanak 229.) odre\u0111uje visoke prekr\u0161ajne kazne za poslodavce koji ne vode evidenciju o radnicima i o radnom vremenu ili istu ne vode na propisan na\u010din. Za pravnu osobu propisana je <span style=\"color: #CF4C4C\">nov\u010dana kazna od 61.000 do 100.000 kuna<\/span>, a za odgovornu osobu u pravnoj osobi od 7.000 do 10.000 kuna.              <\/div>\n            <\/div>\n            \n                      <\/div>\n\n        <\/div>\n      <\/div>\n    <\/div>\n  <\/div>\n<\/div>\n\n\n<div id=\"list-image-block_5e958ed1b1d36\" class=\"custom-block list-image-block\">\n  <div class=\"list-image list-image--layout_alpha\">\n    <div class=\"container\">\n      <div class=\"row no-gutters\">\n        <div class=\"col-md-6\">\n          <div class=\"list-image__content\">\n            <div class=\"list-image__title\">\n              <span>Pregled godi\u0161njih odmora<\/span>\n            <\/div>\n                          <ul class=\"list-image__list\">\n                                  <li>\n                    <img src=\"https:\/\/floa.com.hr\/evr-wp-dev\/wp-content\/themes\/radnisati\/assets\/img\/icon-list.svg\" alt=\"\">\n                    <span>Evidencija starog i novog godi\u0161njeg<\/span>\n                  <\/li>\n                                  <li>\n                    <img src=\"https:\/\/floa.com.hr\/evr-wp-dev\/wp-content\/themes\/radnisati\/assets\/img\/icon-list.svg\" alt=\"\">\n                    <span>Prikaz iskori\u0161tenih i preostalih dana godi\u0161njeg odmora<\/span>\n                  <\/li>\n                                  <li>\n                    <img src=\"https:\/\/floa.com.hr\/evr-wp-dev\/wp-content\/themes\/radnisati\/assets\/img\/icon-list.svg\" alt=\"\">\n                    <span>Prijava i odobrenje godi\u0161njih odmora za zaposlenike<\/span>\n                  <\/li>\n                              <\/ul>\n            \n            \n          <\/div>\n        <\/div>\n        <div class=\"col-md-6\">\n          <div class=\"list-image__image\">\n                              <img width=\"1682\" height=\"1000\" src=\"https:\/\/floa.com.hr\/evr-wp-dev\/wp-content\/uploads\/2020\/06\/Osustva2.png\" class=\"attachment-full size-full\" alt=\"\" srcset=\"https:\/\/floa.com.hr\/evr-wp-dev\/wp-content\/uploads\/2020\/06\/Osustva2.png 1682w, https:\/\/floa.com.hr\/evr-wp-dev\/wp-content\/uploads\/2020\/06\/Osustva2-300x178.png 300w, https:\/\/floa.com.hr\/evr-wp-dev\/wp-content\/uploads\/2020\/06\/Osustva2-1024x609.png 1024w, https:\/\/floa.com.hr\/evr-wp-dev\/wp-content\/uploads\/2020\/06\/Osustva2-768x457.png 768w, https:\/\/floa.com.hr\/evr-wp-dev\/wp-content\/uploads\/2020\/06\/Osustva2-1536x913.png 1536w, https:\/\/floa.com.hr\/evr-wp-dev\/wp-content\/uploads\/2020\/06\/Osustva2-20x12.png 20w\" sizes=\"(max-width: 1682px) 100vw, 1682px\" \/>                        <\/div>\n        <\/div>\n      <\/div>\n    <\/div>\n  <\/div>\n<\/div>\n\n\n<div id=\"list-image-block_5e959219b1d3a\" class=\"custom-block list-image-block\">\n  <div class=\"list-image list-image--layout_beta\">\n    <div class=\"container\">\n      <div class=\"row no-gutters\">\n        <div class=\"col-md-6\">\n          <div class=\"list-image__content\">\n            <div class=\"list-image__title\">\n              <span>Izvje\u0161taji za obra\u010dun pla\u0107e<\/span>\n            <\/div>\n                          <ul class=\"list-image__list\">\n                                  <li>\n                    <img src=\"https:\/\/floa.com.hr\/evr-wp-dev\/wp-content\/themes\/radnisati\/assets\/img\/icon-list.svg\" alt=\"\">\n                    <span>Automatski izra\u010dun iz mjese\u010dnih tablica evidencije<\/span>\n                  <\/li>\n                                  <li>\n                    <img src=\"https:\/\/floa.com.hr\/evr-wp-dev\/wp-content\/themes\/radnisati\/assets\/img\/icon-list.svg\" alt=\"\">\n                    <span>Pojedina\u010dna ili skupna evidencija o radnom vremenu<\/span>\n                  <\/li>\n                                  <li>\n                    <img src=\"https:\/\/floa.com.hr\/evr-wp-dev\/wp-content\/themes\/radnisati\/assets\/img\/icon-list.svg\" alt=\"\">\n                    <span>Priprema i ispis podataka za ra\u010dunovodstvo<\/span>\n                  <\/li>\n                                  <li>\n                    <img src=\"https:\/\/floa.com.hr\/evr-wp-dev\/wp-content\/themes\/radnisati\/assets\/img\/icon-list.svg\" alt=\"\">\n                    <span>Izvoz podataka u Excel<\/span>\n                  <\/li>\n                              <\/ul>\n            \n            \n          <\/div>\n        <\/div>\n        <div class=\"col-md-6\">\n          <div class=\"list-image__image\">\n                              <img width=\"1117\" height=\"659\" src=\"https:\/\/floa.com.hr\/evr-wp-dev\/wp-content\/uploads\/2020\/05\/Izvje\u0161\u0107a3.png\" class=\"attachment-full size-full\" alt=\"\" srcset=\"https:\/\/floa.com.hr\/evr-wp-dev\/wp-content\/uploads\/2020\/05\/Izvje\u0161\u0107a3.png 1117w, https:\/\/floa.com.hr\/evr-wp-dev\/wp-content\/uploads\/2020\/05\/Izvje\u0161\u0107a3-300x177.png 300w, https:\/\/floa.com.hr\/evr-wp-dev\/wp-content\/uploads\/2020\/05\/Izvje\u0161\u0107a3-1024x604.png 1024w, https:\/\/floa.com.hr\/evr-wp-dev\/wp-content\/uploads\/2020\/05\/Izvje\u0161\u0107a3-768x453.png 768w, https:\/\/floa.com.hr\/evr-wp-dev\/wp-content\/uploads\/2020\/05\/Izvje\u0161\u0107a3-20x12.png 20w\" sizes=\"(max-width: 1117px) 100vw, 1117px\" \/>                        <\/div>\n        <\/div>\n      <\/div>\n    <\/div>\n  <\/div>\n<\/div>\n\n\n<div id=\"info-block_5ece38cefe3fe\" class=\"custom-block info-block\">\n  <div class=\"info info--green\">\n    <div class=\"container\">\n      <div class=\"row no-gutters\">\n        <div class=\"col-12\">\n          <div class=\"site-info site-info--has-button \">\n            <div class=\"site-info__content\">\n              <div class=\"site-info__title\">\n                Uskla\u0111ena sa svim pravilnicima i zakonom o radu.              <\/div>\n              <div class=\"site-info__text\">\n                Uskla\u0111ivanje s promjena propisa i pravilnika bez dodatne naplate!              <\/div>\n            <\/div>\n                          <div class=\"site-info__button\">\n                <a href=\"https:\/\/floa.com.hr\/evr-dev\/propisi-i-pravilnici\/\" class=\"btn btn--tertiary\">Saznaj vi\u0161e<\/a>\n              <\/div>\n            \n                      <\/div>\n\n        <\/div>\n      <\/div>\n    <\/div>\n  <\/div>\n<\/div>\n\n\n<div id=\"list-image-block_5e994ace55f31\" class=\"custom-block list-image-block\">\n  <div class=\"list-image list-image--layout_alpha\">\n    <div class=\"container\">\n      <div class=\"row no-gutters\">\n        <div class=\"col-md-6\">\n          <div class=\"list-image__content\">\n            <div class=\"list-image__title\">\n              <span>Mobilna \u0161ihterica<\/span>\n            <\/div>\n                          <ul class=\"list-image__list\">\n                                  <li>\n                    <img src=\"https:\/\/floa.com.hr\/evr-wp-dev\/wp-content\/themes\/radnisati\/assets\/img\/icon-list.svg\" alt=\"\">\n                    <span>Idealno rje\u0161enje za radnike na terenu<\/span>\n                  <\/li>\n                                  <li>\n                    <img src=\"https:\/\/floa.com.hr\/evr-wp-dev\/wp-content\/themes\/radnisati\/assets\/img\/icon-list.svg\" alt=\"\">\n                    <span>Prijava dolazaka i odlazaka <\/span>\n                  <\/li>\n                                  <li>\n                    <img src=\"https:\/\/floa.com.hr\/evr-wp-dev\/wp-content\/themes\/radnisati\/assets\/img\/icon-list.svg\" alt=\"\">\n                    <span>Dnevni izvje\u0161taj obavljenih zadataka<\/span>\n                  <\/li>\n                              <\/ul>\n            \n            \n          <\/div>\n        <\/div>\n        <div class=\"col-md-6\">\n          <div class=\"list-image__image\">\n                              <img width=\"1136\" height=\"894\" src=\"https:\/\/floa.com.hr\/evr-wp-dev\/wp-content\/uploads\/2020\/05\/MOBITELI.png\" class=\"attachment-full size-full\" alt=\"\" srcset=\"https:\/\/floa.com.hr\/evr-wp-dev\/wp-content\/uploads\/2020\/05\/MOBITELI.png 1136w, https:\/\/floa.com.hr\/evr-wp-dev\/wp-content\/uploads\/2020\/05\/MOBITELI-300x236.png 300w, https:\/\/floa.com.hr\/evr-wp-dev\/wp-content\/uploads\/2020\/05\/MOBITELI-1024x806.png 1024w, https:\/\/floa.com.hr\/evr-wp-dev\/wp-content\/uploads\/2020\/05\/MOBITELI-768x604.png 768w, https:\/\/floa.com.hr\/evr-wp-dev\/wp-content\/uploads\/2020\/05\/MOBITELI-20x16.png 20w\" sizes=\"(max-width: 1136px) 100vw, 1136px\" \/>                        <\/div>\n        <\/div>\n      <\/div>\n    <\/div>\n  <\/div>\n<\/div>\n\n\n<div id=\"list-image-block_5e994bdc55f32\" class=\"custom-block list-image-block\">\n  <div class=\"list-image list-image--layout_beta\">\n    <div class=\"container\">\n      <div class=\"row no-gutters\">\n        <div class=\"col-md-6\">\n          <div class=\"list-image__content\">\n            <div class=\"list-image__title\">\n              <span>Poslovnice i voditelji<\/span>\n            <\/div>\n                          <ul class=\"list-image__list\">\n                                  <li>\n                    <img src=\"https:\/\/floa.com.hr\/evr-wp-dev\/wp-content\/themes\/radnisati\/assets\/img\/icon-list.svg\" alt=\"\">\n                    <span>Evidencija radnog vremena po poslovnim jedinicama<\/span>\n                  <\/li>\n                                  <li>\n                    <img src=\"https:\/\/floa.com.hr\/evr-wp-dev\/wp-content\/themes\/radnisati\/assets\/img\/icon-list.svg\" alt=\"\">\n                    <span>Svaki voditelj zadu\u017een je za svoju poslovnicu<\/span>\n                  <\/li>\n                                  <li>\n                    <img src=\"https:\/\/floa.com.hr\/evr-wp-dev\/wp-content\/themes\/radnisati\/assets\/img\/icon-list.svg\" alt=\"\">\n                    <span>Prikaz i ispis izvje\u0161\u0107a po poslovnicama<\/span>\n                  <\/li>\n                              <\/ul>\n            \n            \n          <\/div>\n        <\/div>\n        <div class=\"col-md-6\">\n          <div class=\"list-image__image\">\n                              <img width=\"1486\" height=\"914\" src=\"https:\/\/floa.com.hr\/evr-wp-dev\/wp-content\/uploads\/2020\/05\/PoslovniceWP-1.png\" class=\"attachment-full size-full\" alt=\"\" srcset=\"https:\/\/floa.com.hr\/evr-wp-dev\/wp-content\/uploads\/2020\/05\/PoslovniceWP-1.png 1486w, https:\/\/floa.com.hr\/evr-wp-dev\/wp-content\/uploads\/2020\/05\/PoslovniceWP-1-300x185.png 300w, https:\/\/floa.com.hr\/evr-wp-dev\/wp-content\/uploads\/2020\/05\/PoslovniceWP-1-1024x630.png 1024w, https:\/\/floa.com.hr\/evr-wp-dev\/wp-content\/uploads\/2020\/05\/PoslovniceWP-1-768x472.png 768w, https:\/\/floa.com.hr\/evr-wp-dev\/wp-content\/uploads\/2020\/05\/PoslovniceWP-1-20x12.png 20w\" sizes=\"(max-width: 1486px) 100vw, 1486px\" \/>                        <\/div>\n        <\/div>\n      <\/div>\n    <\/div>\n  <\/div>\n<\/div>\n\n\n<div id=\"list-image-block_5ec264a1a07ff\" class=\"custom-block list-image-block\">\n  <div class=\"list-image list-image--layout_alpha\">\n    <div class=\"container\">\n      <div class=\"row no-gutters\">\n        <div class=\"col-md-6\">\n          <div class=\"list-image__content\">\n            <div class=\"list-image__title\">\n              <span>Mati\u010dna knjiga radnika<\/span>\n            <\/div>\n                          <ul class=\"list-image__list\">\n                                  <li>\n                    <img src=\"https:\/\/floa.com.hr\/evr-wp-dev\/wp-content\/themes\/radnisati\/assets\/img\/icon-list.svg\" alt=\"\">\n                    <span>Vo\u0111enje evidencije o radnicima prema predlo\u0161ku iz Narodnih novina<\/span>\n                  <\/li>\n                              <\/ul>\n            \n            \n          <\/div>\n        <\/div>\n        <div class=\"col-md-6\">\n          <div class=\"list-image__image\">\n                              <img width=\"840\" height=\"546\" src=\"https:\/\/floa.com.hr\/evr-wp-dev\/wp-content\/uploads\/2020\/05\/Floamati\u010d-e1590741445203.png\" class=\"attachment-full size-full\" alt=\"\" srcset=\"https:\/\/floa.com.hr\/evr-wp-dev\/wp-content\/uploads\/2020\/05\/Floamati\u010d-e1590741445203.png 840w, https:\/\/floa.com.hr\/evr-wp-dev\/wp-content\/uploads\/2020\/05\/Floamati\u010d-e1590741445203-300x195.png 300w, https:\/\/floa.com.hr\/evr-wp-dev\/wp-content\/uploads\/2020\/05\/Floamati\u010d-e1590741445203-768x499.png 768w\" sizes=\"(max-width: 840px) 100vw, 840px\" \/>                        <\/div>\n        <\/div>\n      <\/div>\n    <\/div>\n  <\/div>\n<\/div>\n\n\n<div id=\"info-block_5ece3261466b8\" class=\"custom-block info-block\">\n  <div class=\"info info--green\">\n    <div class=\"container\">\n      <div class=\"row no-gutters\">\n        <div class=\"col-12\">\n          <div class=\"site-info site-info--has-button \">\n            <div class=\"site-info__content\">\n              <div class=\"site-info__title\">\n                GDPR              <\/div>\n              <div class=\"site-info__text\">\n                Va\u0161a privatnost je na prvom mjestu.              <\/div>\n            <\/div>\n                          <div class=\"site-info__button\">\n                <a href=\"https:\/\/floa.com.hr\/evr-dev\/pravila-privatnosti\/\" class=\"btn btn--tertiary\">Saznaj vi\u0161e<\/a>\n              <\/div>\n            \n                      <\/div>\n\n        <\/div>\n      <\/div>\n    <\/div>\n  <\/div>\n<\/div>\n\n\n<div id=\"call-to-action-block_5ece269b64402\" class=\"custom-block call-to-action-block\">\n  <div class=\"call-to-action\">\n    <div class=\"container\">\n      <div class=\"call-to-action__inner\">\n        <div class=\"call-to-action__buttons\">\n                                    <a href=\"https:\/\/www.radnisati.com\/index.php\/site\/register\" class=\"btn btn--primary \">\n                <span>\n                  \n                  \u017delim isprobati                <\/span>\n              <\/a>\n                              <\/div>\n        <div class=\"call-to-action__title\">\n          <span>30 dana besplatno. Brzo i jednostavno vo\u0111enje evidencije.<\/span>\n        <\/div>\n      <\/div>\n    <\/div>\n  <\/div>\n<\/div>\n","protected":false},"excerpt":{"rendered":"","protected":false},"author":1,"featured_media":0,"parent":0,"menu_order":0,"comment_status":"closed","ping_status":"open","template":"t-fullwidth.php","meta":[],"yoast_head":"<!-- This site is optimized with the Yoast SEO plugin v15.1.1 - https:\/\/yoast.com\/wordpress\/plugins\/seo\/ -->\n<title>Evidencija radnog vremena za tvrtke - Radni Sati Staging<\/title>\n<meta name=\"robots\" content=\"noindex, follow, max-snippet:-1, max-image-preview:large, max-video-preview:-1\" \/>\n<meta property=\"og:locale\" content=\"en_US\" \/>\n<meta property=\"og:type\" content=\"article\" \/>\n<meta property=\"og:title\" content=\"Evidencija radnog vremena za tvrtke - Radni Sati Staging\" \/>\n<meta property=\"og:url\" content=\"https:\/\/floa.com.hr\/evr-wp-dev\/privatne-tvrtke\/\" \/>\n<meta property=\"og:site_name\" content=\"Radni Sati Staging\" \/>\n<meta property=\"article:modified_time\" content=\"2021-01-19T11:27:22+00:00\" \/>\n<meta name=\"twitter:card\" content=\"summary_large_image\" \/>\n<script type=\"application\/ld+json\" class=\"yoast-schema-graph\">{\"@context\":\"https:\/\/schema.org\",\"@graph\":[{\"@type\":\"WebSite\",\"@id\":\"https:\/\/floa.com.hr\/evr-wp-dev\/#website\",\"url\":\"https:\/\/floa.com.hr\/evr-wp-dev\/\",\"name\":\"Radni Sati Staging\",\"description\":\"Just another WordPress site\",\"potentialAction\":[{\"@type\":\"SearchAction\",\"target\":\"https:\/\/floa.com.hr\/evr-wp-dev\/?s={search_term_string}\",\"query-input\":\"required name=search_term_string\"}],\"inLanguage\":\"en-US\"},{\"@type\":\"WebPage\",\"@id\":\"https:\/\/floa.com.hr\/evr-wp-dev\/privatne-tvrtke\/#webpage\",\"url\":\"https:\/\/floa.com.hr\/evr-wp-dev\/privatne-tvrtke\/\",\"name\":\"Evidencija radnog vremena za tvrtke - Radni Sati Staging\",\"isPartOf\":{\"@id\":\"https:\/\/floa.com.hr\/evr-wp-dev\/#website\"},\"datePublished\":\"2019-09-30T17:39:27+00:00\",\"dateModified\":\"2021-01-19T11:27:22+00:00\",\"inLanguage\":\"en-US\",\"potentialAction\":[{\"@type\":\"ReadAction\",\"target\":[\"https:\/\/floa.com.hr\/evr-wp-dev\/privatne-tvrtke\/\"]}]}]}<\/script>\n<!-- \/ Yoast SEO plugin. -->","_links":{"self":[{"href":"https:\/\/floa.com.hr\/evr-wp-dev\/wp-json\/wp\/v2\/pages\/2"}],"collection":[{"href":"https:\/\/floa.com.hr\/evr-wp-dev\/wp-json\/wp\/v2\/pages"}],"about":[{"href":"https:\/\/floa.com.hr\/evr-wp-dev\/wp-json\/wp\/v2\/types\/page"}],"author":[{"embeddable":true,"href":"https:\/\/floa.com.hr\/evr-wp-dev\/wp-json\/wp\/v2\/users\/1"}],"replies":[{"embeddable":true,"href":"https:\/\/floa.com.hr\/evr-wp-dev\/wp-json\/wp\/v2\/comments?post=2"}],"version-history":[{"count":151,"href":"https:\/\/floa.com.hr\/evr-wp-dev\/wp-json\/wp\/v2\/pages\/2\/revisions"}],"predecessor-version":[{"id":1212,"href":"https:\/\/floa.com.hr\/evr-wp-dev\/wp-json\/wp\/v2\/pages\/2\/revisions\/1212"}],"wp:attachment":[{"href":"https:\/\/floa.com.hr\/evr-wp-dev\/wp-json\/wp\/v2\/media?parent=2"}],"curies":[{"name":"wp","href":"https:\/\/api.w.org\/{rel}","templated":true}]}}